{"id":4976,"date":"2015-08-11T22:13:09","date_gmt":"2015-08-11T22:13:09","guid":{"rendered":"https:\/\/noxnota.com\/product\/enzo-t4\/"},"modified":"2015-08-11T22:13:09","modified_gmt":"2015-08-11T22:13:09","slug":"enzo-t4","status":"publish","type":"product","link":"https:\/\/noxnota.com\/fr\/product\/enzo-t4\/","title":{"rendered":"ENZO T4"},"content":{"rendered":"<p><span style=\"font-weight: 400;\"><strong>CUIR LINEA<\/strong> Le cuir de vachette naturel demi-fibre Linea, avec son toucher doux et cireux et son aspect semi-mat, conf\u00e8re une \u00e9l\u00e9gance sophistiqu\u00e9e \u00e0 tout objet de la vie quotidienne.<\/span><span style=\"font-weight: 400;\">  Le cuir semi-aniline est recouvert d&rsquo;un rev\u00eatement de surface l\u00e9ger et pigment\u00e9.<br \/>\nCette couche suppl\u00e9mentaire donne au cuir sa couleur uniforme et sa durabilit\u00e9.<br \/>\nLe cuir semi-aniline est r\u00e9sistant \u00e0 l&rsquo;eau et poss\u00e8de une couche de protection contre les \u00e9claboussures.<br \/>\nLe rev\u00eatement de surface l\u00e9ger prot\u00e8ge le cuir contre l&rsquo;absorption de liquides.   <\/span><\/p>\n<p><span style=\"font-weight: 400;\">Composition du cuir : 100% Cuir de vachette naturelle demi-saison <\/span><span style=\"font-weight: 400;\">\u00c9paisseur finie : 0,8 &#8211; 1,0 mm<\/span><b><span style=\"color: #000000;\">POIGN\u00c9E EN BOIS<\/span><\/b><span style=\"font-weight: 400;\">La poign\u00e9e est en placage de ch\u00eane pli\u00e9 et coll\u00e9, disponible en finition ch\u00eane laqu\u00e9 ou placage de ch\u00eane peint en noir.<\/span><\/p>\n","protected":false},"excerpt":{"rendered":"<p><span style=\"font-weight: 400;\">Avec son toucher doux et cireux et son aspect semi-mat, le cuir de vachette naturel Linea conf\u00e8re une \u00e9l\u00e9gance sophistiqu\u00e9e \u00e0 tout objet de la vie quotidienne.<\/span><\/p>\n","protected":false},"featured_media":3733,"template":"","meta":{"iawp_total_views":18},"product_cat":[108],"product_tag":[],"class_list":{"0":"post-4976","1":"product","2":"type-product","3":"status-publish","4":"has-post-thumbnail","6":"product_cat-enzo-fr","8":"first","9":"onbackorder","10":"featured","11":"shipping-taxable","12":"purchasable","13":"product-type-variable","14":"has-default-attributes"},"yoast_head":"<!-- This site is optimized with the Yoast SEO plugin v23.1 - https:\/\/yoast.com\/wordpress\/plugins\/seo\/ -->\n<title>ENZO T4 - Nox Nota<\/title>\n<meta name=\"robots\" content=\"index, follow, max-snippet:-1, max-image-preview:large, max-video-preview:-1\" \/>\n<link rel=\"canonical\" href=\"https:\/\/noxnota.com\/fr\/product\/enzo-t4\/\" \/>\n<meta property=\"og:locale\" content=\"fr_FR\" \/>\n<meta property=\"og:type\" content=\"article\" \/>\n<meta property=\"og:title\" content=\"ENZO T4 - Nox Nota\" \/>\n<meta property=\"og:description\" content=\"Avec son toucher doux et cireux et son aspect semi-mat, le cuir de vachette naturel Linea conf\u00e8re une \u00e9l\u00e9gance sophistiqu\u00e9e \u00e0 tout objet de la vie quotidienne.\" \/>\n<meta property=\"og:url\" content=\"https:\/\/noxnota.com\/fr\/product\/enzo-t4\/\" \/>\n<meta property=\"og:site_name\" content=\"Nox Nota\" \/>\n<meta property=\"og:image\" content=\"https:\/\/noxnota.com\/wp-content\/uploads\/2015\/08\/NOX-NOTA-POUF-LINEA-656-COTTO-OAK-white.png\" \/>\n\t<meta property=\"og:image:width\" content=\"1400\" \/>\n\t<meta property=\"og:image:height\" content=\"1400\" \/>\n\t<meta property=\"og:image:type\" content=\"image\/png\" \/>\n<meta name=\"twitter:card\" content=\"summary_large_image\" \/>\n<meta name=\"twitter:label1\" content=\"Dur\u00e9e de lecture estim\u00e9e\" \/>\n\t<meta name=\"twitter:data1\" content=\"1 minute\" \/>\n<script type=\"application\/ld+json\" class=\"yoast-schema-graph\">{\"@context\":\"https:\/\/schema.org\",\"@graph\":[{\"@type\":\"WebPage\",\"@id\":\"https:\/\/noxnota.com\/fr\/product\/enzo-t4\/\",\"url\":\"https:\/\/noxnota.com\/fr\/product\/enzo-t4\/\",\"name\":\"ENZO T4 - Nox Nota\",\"isPartOf\":{\"@id\":\"https:\/\/noxnota.com\/fr\/#website\"},\"primaryImageOfPage\":{\"@id\":\"https:\/\/noxnota.com\/fr\/product\/enzo-t4\/#primaryimage\"},\"image\":{\"@id\":\"https:\/\/noxnota.com\/fr\/product\/enzo-t4\/#primaryimage\"},\"thumbnailUrl\":\"https:\/\/noxnota.com\/wp-content\/uploads\/2015\/08\/NOX-NOTA-POUF-LINEA-656-COTTO-OAK-white.png\",\"datePublished\":\"2015-08-11T22:13:09+00:00\",\"dateModified\":\"2015-08-11T22:13:09+00:00\",\"breadcrumb\":{\"@id\":\"https:\/\/noxnota.com\/fr\/product\/enzo-t4\/#breadcrumb\"},\"inLanguage\":\"fr-FR\",\"potentialAction\":[{\"@type\":\"ReadAction\",\"target\":[\"https:\/\/noxnota.com\/fr\/product\/enzo-t4\/\"]}]},{\"@type\":\"ImageObject\",\"inLanguage\":\"fr-FR\",\"@id\":\"https:\/\/noxnota.com\/fr\/product\/enzo-t4\/#primaryimage\",\"url\":\"https:\/\/noxnota.com\/wp-content\/uploads\/2015\/08\/NOX-NOTA-POUF-LINEA-656-COTTO-OAK-white.png\",\"contentUrl\":\"https:\/\/noxnota.com\/wp-content\/uploads\/2015\/08\/NOX-NOTA-POUF-LINEA-656-COTTO-OAK-white.png\",\"width\":1400,\"height\":1400},{\"@type\":\"BreadcrumbList\",\"@id\":\"https:\/\/noxnota.com\/fr\/product\/enzo-t4\/#breadcrumb\",\"itemListElement\":[{\"@type\":\"ListItem\",\"position\":1,\"name\":\"Home\",\"item\":\"https:\/\/noxnota.com\/fr\/\"},{\"@type\":\"ListItem\",\"position\":2,\"name\":\"Produits\",\"item\":\"https:\/\/noxnota.com\/fr\/shop\/\"},{\"@type\":\"ListItem\",\"position\":3,\"name\":\"ENZO T4\"}]},{\"@type\":\"WebSite\",\"@id\":\"https:\/\/noxnota.com\/fr\/#website\",\"url\":\"https:\/\/noxnota.com\/fr\/\",\"name\":\"Nox Nota\",\"description\":\"THE FINISHING TOUCH FOR THE PERFECT INTERIOR\",\"publisher\":{\"@id\":\"https:\/\/noxnota.com\/fr\/#organization\"},\"potentialAction\":[{\"@type\":\"SearchAction\",\"target\":{\"@type\":\"EntryPoint\",\"urlTemplate\":\"https:\/\/noxnota.com\/fr\/?s={search_term_string}\"},\"query-input\":\"required name=search_term_string\"}],\"inLanguage\":\"fr-FR\"},{\"@type\":\"Organization\",\"@id\":\"https:\/\/noxnota.com\/fr\/#organization\",\"name\":\"Nox Nota - The Art of Furniture Design\",\"url\":\"https:\/\/noxnota.com\/fr\/\",\"logo\":{\"@type\":\"ImageObject\",\"inLanguage\":\"fr-FR\",\"@id\":\"https:\/\/noxnota.com\/fr\/#\/schema\/logo\/image\/\",\"url\":\"https:\/\/noxnota.com\/wp-content\/uploads\/2022\/05\/nox_nota.png\",\"contentUrl\":\"https:\/\/noxnota.com\/wp-content\/uploads\/2022\/05\/nox_nota.png\",\"width\":500,\"height\":100,\"caption\":\"Nox Nota - The Art of Furniture Design\"},\"image\":{\"@id\":\"https:\/\/noxnota.com\/fr\/#\/schema\/logo\/image\/\"}}]}<\/script>\n<!-- \/ Yoast SEO plugin. -->","yoast_head_json":{"title":"ENZO T4 - Nox Nota","robots":{"index":"index","follow":"follow","max-snippet":"max-snippet:-1","max-image-preview":"max-image-preview:large","max-video-preview":"max-video-preview:-1"},"canonical":"https:\/\/noxnota.com\/fr\/product\/enzo-t4\/","og_locale":"fr_FR","og_type":"article","og_title":"ENZO T4 - Nox Nota","og_description":"Avec son toucher doux et cireux et son aspect semi-mat, le cuir de vachette naturel Linea conf\u00e8re une \u00e9l\u00e9gance sophistiqu\u00e9e \u00e0 tout objet de la vie quotidienne.","og_url":"https:\/\/noxnota.com\/fr\/product\/enzo-t4\/","og_site_name":"Nox Nota","og_image":[{"width":1400,"height":1400,"url":"https:\/\/noxnota.com\/wp-content\/uploads\/2015\/08\/NOX-NOTA-POUF-LINEA-656-COTTO-OAK-white.png","type":"image\/png"}],"twitter_card":"summary_large_image","twitter_misc":{"Dur\u00e9e de lecture estim\u00e9e":"1 minute"},"schema":{"@context":"https:\/\/schema.org","@graph":[{"@type":"WebPage","@id":"https:\/\/noxnota.com\/fr\/product\/enzo-t4\/","url":"https:\/\/noxnota.com\/fr\/product\/enzo-t4\/","name":"ENZO T4 - Nox Nota","isPartOf":{"@id":"https:\/\/noxnota.com\/fr\/#website"},"primaryImageOfPage":{"@id":"https:\/\/noxnota.com\/fr\/product\/enzo-t4\/#primaryimage"},"image":{"@id":"https:\/\/noxnota.com\/fr\/product\/enzo-t4\/#primaryimage"},"thumbnailUrl":"https:\/\/noxnota.com\/wp-content\/uploads\/2015\/08\/NOX-NOTA-POUF-LINEA-656-COTTO-OAK-white.png","datePublished":"2015-08-11T22:13:09+00:00","dateModified":"2015-08-11T22:13:09+00:00","breadcrumb":{"@id":"https:\/\/noxnota.com\/fr\/product\/enzo-t4\/#breadcrumb"},"inLanguage":"fr-FR","potentialAction":[{"@type":"ReadAction","target":["https:\/\/noxnota.com\/fr\/product\/enzo-t4\/"]}]},{"@type":"ImageObject","inLanguage":"fr-FR","@id":"https:\/\/noxnota.com\/fr\/product\/enzo-t4\/#primaryimage","url":"https:\/\/noxnota.com\/wp-content\/uploads\/2015\/08\/NOX-NOTA-POUF-LINEA-656-COTTO-OAK-white.png","contentUrl":"https:\/\/noxnota.com\/wp-content\/uploads\/2015\/08\/NOX-NOTA-POUF-LINEA-656-COTTO-OAK-white.png","width":1400,"height":1400},{"@type":"BreadcrumbList","@id":"https:\/\/noxnota.com\/fr\/product\/enzo-t4\/#breadcrumb","itemListElement":[{"@type":"ListItem","position":1,"name":"Home","item":"https:\/\/noxnota.com\/fr\/"},{"@type":"ListItem","position":2,"name":"Produits","item":"https:\/\/noxnota.com\/fr\/shop\/"},{"@type":"ListItem","position":3,"name":"ENZO T4"}]},{"@type":"WebSite","@id":"https:\/\/noxnota.com\/fr\/#website","url":"https:\/\/noxnota.com\/fr\/","name":"Nox Nota","description":"THE FINISHING TOUCH FOR THE PERFECT INTERIOR","publisher":{"@id":"https:\/\/noxnota.com\/fr\/#organization"},"potentialAction":[{"@type":"SearchAction","target":{"@type":"EntryPoint","urlTemplate":"https:\/\/noxnota.com\/fr\/?s={search_term_string}"},"query-input":"required name=search_term_string"}],"inLanguage":"fr-FR"},{"@type":"Organization","@id":"https:\/\/noxnota.com\/fr\/#organization","name":"Nox Nota - The Art of Furniture Design","url":"https:\/\/noxnota.com\/fr\/","logo":{"@type":"ImageObject","inLanguage":"fr-FR","@id":"https:\/\/noxnota.com\/fr\/#\/schema\/logo\/image\/","url":"https:\/\/noxnota.com\/wp-content\/uploads\/2022\/05\/nox_nota.png","contentUrl":"https:\/\/noxnota.com\/wp-content\/uploads\/2022\/05\/nox_nota.png","width":500,"height":100,"caption":"Nox Nota - The Art of Furniture Design"},"image":{"@id":"https:\/\/noxnota.com\/fr\/#\/schema\/logo\/image\/"}}]}},"_links":{"self":[{"href":"https:\/\/noxnota.com\/fr\/wp-json\/wp\/v2\/product\/4976","targetHints":{"allow":["GET"]}}],"collection":[{"href":"https:\/\/noxnota.com\/fr\/wp-json\/wp\/v2\/product"}],"about":[{"href":"https:\/\/noxnota.com\/fr\/wp-json\/wp\/v2\/types\/product"}],"wp:featuredmedia":[{"embeddable":true,"href":"https:\/\/noxnota.com\/fr\/wp-json\/wp\/v2\/media\/3733"}],"wp:attachment":[{"href":"https:\/\/noxnota.com\/fr\/wp-json\/wp\/v2\/media?parent=4976"}],"wp:term":[{"taxonomy":"product_cat","embeddable":true,"href":"https:\/\/noxnota.com\/fr\/wp-json\/wp\/v2\/product_cat?post=4976"},{"taxonomy":"product_tag","embeddable":true,"href":"https:\/\/noxnota.com\/fr\/wp-json\/wp\/v2\/product_tag?post=4976"}],"curies":[{"name":"wp","href":"https:\/\/api.w.org\/{rel}","templated":true}]}}