{"id":4961,"date":"2022-06-08T10:59:10","date_gmt":"2022-06-08T10:59:10","guid":{"rendered":"https:\/\/noxnota.com\/product\/enzo-t3\/"},"modified":"2025-02-11T12:41:03","modified_gmt":"2025-02-11T12:41:03","slug":"enzo-t3","status":"publish","type":"product","link":"https:\/\/noxnota.com\/fr\/product\/enzo-t3\/","title":{"rendered":"ENZO T3"},"content":{"rendered":"<p><span style=\"font-weight: 400;\"><span style=\"color: #000000;\"><strong>TISSU OXFORD AVEC DESSUS EN CUIR<\/strong><\/span><br \/>\nD\u00e9couvrez cette somptueuse combinaison d&rsquo;un tissu velours richement color\u00e9 et d&rsquo;un dessus en cuir naturel doux et semi-mat.<\/span><span style=\"font-weight: 400;\">  Fabriqu\u00e9 en polyester, le tissu Oxford est particuli\u00e8rement r\u00e9sistant et durable, mais il est con\u00e7u pour ressembler \u00e0 du velours de coton. Ce tissu \u00e9l\u00e9gant et r\u00e9sistant, associ\u00e9 \u00e0 du cuir naturel, donne une nouvelle tournure color\u00e9e \u00e0 un classique ind\u00e9modable. <\/span><\/p>\n<p><span style=\"font-weight: 400;\">Composition du tissu : 100 % polyester<br \/>\n<\/span><span style=\"font-weight: 400;\">Durabilit\u00e9 du tissu : 100 000 Martindale<\/span><span style=\"font-weight: 400;\"><br \/>\n<\/span><span style=\"font-weight: 400;\">Composition du cuir : 100 % cuir de vachette naturel demi-grain<\/span><\/p>\n<p><b><span style=\"color: #000000;\">POIGN\u00c9E EN BOIS<\/span><br \/>\n<\/b><span style=\"font-weight: 400;\">La poign\u00e9e est en placage de ch\u00eane pli\u00e9 et coll\u00e9, disponible en finition ch\u00eane laqu\u00e9 ou placage de ch\u00eane peint en noir.<\/span><\/p>\n","protected":false},"excerpt":{"rendered":"<p><span style=\"font-weight: 400;\">D\u00e9couvrez cette somptueuse combinaison d&rsquo;un tissu velours richement color\u00e9 et d&rsquo;un dessus en cuir naturel doux et semi-mat.<\/span><\/p>\n","protected":false},"featured_media":4877,"template":"","meta":{"iawp_total_views":9},"product_cat":[108],"product_tag":[],"class_list":{"0":"post-4961","1":"product","2":"type-product","3":"status-publish","4":"has-post-thumbnail","6":"product_cat-enzo-fr","8":"first","9":"onbackorder","10":"featured","11":"shipping-taxable","12":"purchasable","13":"product-type-variable","14":"has-default-attributes"},"yoast_head":"<!-- This site is optimized with the Yoast SEO plugin v23.1 - https:\/\/yoast.com\/wordpress\/plugins\/seo\/ -->\n<title>ENZO T3 - Nox Nota<\/title>\n<meta name=\"robots\" content=\"index, follow, max-snippet:-1, max-image-preview:large, max-video-preview:-1\" \/>\n<link rel=\"canonical\" href=\"https:\/\/noxnota.com\/fr\/product\/enzo-t3\/\" \/>\n<meta property=\"og:locale\" content=\"fr_FR\" \/>\n<meta property=\"og:type\" content=\"article\" \/>\n<meta property=\"og:title\" content=\"ENZO T3 - Nox Nota\" \/>\n<meta property=\"og:description\" content=\"D\u00e9couvrez cette somptueuse combinaison d&#039;un tissu velours richement color\u00e9 et d&#039;un dessus en cuir naturel doux et semi-mat.\" \/>\n<meta property=\"og:url\" content=\"https:\/\/noxnota.com\/fr\/product\/enzo-t3\/\" \/>\n<meta property=\"og:site_name\" content=\"Nox Nota\" \/>\n<meta property=\"article:modified_time\" content=\"2025-02-11T12:41:03+00:00\" \/>\n<meta property=\"og:image\" content=\"https:\/\/noxnota.com\/wp-content\/uploads\/2022\/06\/NOX-NOTA-OXFORD-13-LINEA-641-LOTUS-BLACK-1.png\" \/>\n\t<meta property=\"og:image:width\" content=\"1400\" \/>\n\t<meta property=\"og:image:height\" content=\"1400\" \/>\n\t<meta property=\"og:image:type\" content=\"image\/png\" \/>\n<meta name=\"twitter:card\" content=\"summary_large_image\" \/>\n<meta name=\"twitter:label1\" content=\"Dur\u00e9e de lecture estim\u00e9e\" \/>\n\t<meta name=\"twitter:data1\" content=\"1 minute\" \/>\n<script type=\"application\/ld+json\" class=\"yoast-schema-graph\">{\"@context\":\"https:\/\/schema.org\",\"@graph\":[{\"@type\":\"WebPage\",\"@id\":\"https:\/\/noxnota.com\/fr\/product\/enzo-t3\/\",\"url\":\"https:\/\/noxnota.com\/fr\/product\/enzo-t3\/\",\"name\":\"ENZO T3 - Nox Nota\",\"isPartOf\":{\"@id\":\"https:\/\/noxnota.com\/fr\/#website\"},\"primaryImageOfPage\":{\"@id\":\"https:\/\/noxnota.com\/fr\/product\/enzo-t3\/#primaryimage\"},\"image\":{\"@id\":\"https:\/\/noxnota.com\/fr\/product\/enzo-t3\/#primaryimage\"},\"thumbnailUrl\":\"https:\/\/noxnota.com\/wp-content\/uploads\/2022\/06\/NOX-NOTA-OXFORD-13-LINEA-641-LOTUS-BLACK-1.png\",\"datePublished\":\"2022-06-08T10:59:10+00:00\",\"dateModified\":\"2025-02-11T12:41:03+00:00\",\"breadcrumb\":{\"@id\":\"https:\/\/noxnota.com\/fr\/product\/enzo-t3\/#breadcrumb\"},\"inLanguage\":\"fr-FR\",\"potentialAction\":[{\"@type\":\"ReadAction\",\"target\":[\"https:\/\/noxnota.com\/fr\/product\/enzo-t3\/\"]}]},{\"@type\":\"ImageObject\",\"inLanguage\":\"fr-FR\",\"@id\":\"https:\/\/noxnota.com\/fr\/product\/enzo-t3\/#primaryimage\",\"url\":\"https:\/\/noxnota.com\/wp-content\/uploads\/2022\/06\/NOX-NOTA-OXFORD-13-LINEA-641-LOTUS-BLACK-1.png\",\"contentUrl\":\"https:\/\/noxnota.com\/wp-content\/uploads\/2022\/06\/NOX-NOTA-OXFORD-13-LINEA-641-LOTUS-BLACK-1.png\",\"width\":1400,\"height\":1400},{\"@type\":\"BreadcrumbList\",\"@id\":\"https:\/\/noxnota.com\/fr\/product\/enzo-t3\/#breadcrumb\",\"itemListElement\":[{\"@type\":\"ListItem\",\"position\":1,\"name\":\"Home\",\"item\":\"https:\/\/noxnota.com\/fr\/\"},{\"@type\":\"ListItem\",\"position\":2,\"name\":\"Produits\",\"item\":\"https:\/\/noxnota.com\/fr\/shop\/\"},{\"@type\":\"ListItem\",\"position\":3,\"name\":\"ENZO T3\"}]},{\"@type\":\"WebSite\",\"@id\":\"https:\/\/noxnota.com\/fr\/#website\",\"url\":\"https:\/\/noxnota.com\/fr\/\",\"name\":\"Nox Nota\",\"description\":\"THE FINISHING TOUCH FOR THE PERFECT INTERIOR\",\"publisher\":{\"@id\":\"https:\/\/noxnota.com\/fr\/#organization\"},\"potentialAction\":[{\"@type\":\"SearchAction\",\"target\":{\"@type\":\"EntryPoint\",\"urlTemplate\":\"https:\/\/noxnota.com\/fr\/?s={search_term_string}\"},\"query-input\":\"required name=search_term_string\"}],\"inLanguage\":\"fr-FR\"},{\"@type\":\"Organization\",\"@id\":\"https:\/\/noxnota.com\/fr\/#organization\",\"name\":\"Nox Nota - The Art of Furniture Design\",\"url\":\"https:\/\/noxnota.com\/fr\/\",\"logo\":{\"@type\":\"ImageObject\",\"inLanguage\":\"fr-FR\",\"@id\":\"https:\/\/noxnota.com\/fr\/#\/schema\/logo\/image\/\",\"url\":\"https:\/\/noxnota.com\/wp-content\/uploads\/2022\/05\/nox_nota.png\",\"contentUrl\":\"https:\/\/noxnota.com\/wp-content\/uploads\/2022\/05\/nox_nota.png\",\"width\":500,\"height\":100,\"caption\":\"Nox Nota - The Art of Furniture Design\"},\"image\":{\"@id\":\"https:\/\/noxnota.com\/fr\/#\/schema\/logo\/image\/\"}}]}<\/script>\n<!-- \/ Yoast SEO plugin. -->","yoast_head_json":{"title":"ENZO T3 - Nox Nota","robots":{"index":"index","follow":"follow","max-snippet":"max-snippet:-1","max-image-preview":"max-image-preview:large","max-video-preview":"max-video-preview:-1"},"canonical":"https:\/\/noxnota.com\/fr\/product\/enzo-t3\/","og_locale":"fr_FR","og_type":"article","og_title":"ENZO T3 - Nox Nota","og_description":"D\u00e9couvrez cette somptueuse combinaison d'un tissu velours richement color\u00e9 et d'un dessus en cuir naturel doux et semi-mat.","og_url":"https:\/\/noxnota.com\/fr\/product\/enzo-t3\/","og_site_name":"Nox Nota","article_modified_time":"2025-02-11T12:41:03+00:00","og_image":[{"width":1400,"height":1400,"url":"https:\/\/noxnota.com\/wp-content\/uploads\/2022\/06\/NOX-NOTA-OXFORD-13-LINEA-641-LOTUS-BLACK-1.png","type":"image\/png"}],"twitter_card":"summary_large_image","twitter_misc":{"Dur\u00e9e de lecture estim\u00e9e":"1 minute"},"schema":{"@context":"https:\/\/schema.org","@graph":[{"@type":"WebPage","@id":"https:\/\/noxnota.com\/fr\/product\/enzo-t3\/","url":"https:\/\/noxnota.com\/fr\/product\/enzo-t3\/","name":"ENZO T3 - Nox Nota","isPartOf":{"@id":"https:\/\/noxnota.com\/fr\/#website"},"primaryImageOfPage":{"@id":"https:\/\/noxnota.com\/fr\/product\/enzo-t3\/#primaryimage"},"image":{"@id":"https:\/\/noxnota.com\/fr\/product\/enzo-t3\/#primaryimage"},"thumbnailUrl":"https:\/\/noxnota.com\/wp-content\/uploads\/2022\/06\/NOX-NOTA-OXFORD-13-LINEA-641-LOTUS-BLACK-1.png","datePublished":"2022-06-08T10:59:10+00:00","dateModified":"2025-02-11T12:41:03+00:00","breadcrumb":{"@id":"https:\/\/noxnota.com\/fr\/product\/enzo-t3\/#breadcrumb"},"inLanguage":"fr-FR","potentialAction":[{"@type":"ReadAction","target":["https:\/\/noxnota.com\/fr\/product\/enzo-t3\/"]}]},{"@type":"ImageObject","inLanguage":"fr-FR","@id":"https:\/\/noxnota.com\/fr\/product\/enzo-t3\/#primaryimage","url":"https:\/\/noxnota.com\/wp-content\/uploads\/2022\/06\/NOX-NOTA-OXFORD-13-LINEA-641-LOTUS-BLACK-1.png","contentUrl":"https:\/\/noxnota.com\/wp-content\/uploads\/2022\/06\/NOX-NOTA-OXFORD-13-LINEA-641-LOTUS-BLACK-1.png","width":1400,"height":1400},{"@type":"BreadcrumbList","@id":"https:\/\/noxnota.com\/fr\/product\/enzo-t3\/#breadcrumb","itemListElement":[{"@type":"ListItem","position":1,"name":"Home","item":"https:\/\/noxnota.com\/fr\/"},{"@type":"ListItem","position":2,"name":"Produits","item":"https:\/\/noxnota.com\/fr\/shop\/"},{"@type":"ListItem","position":3,"name":"ENZO T3"}]},{"@type":"WebSite","@id":"https:\/\/noxnota.com\/fr\/#website","url":"https:\/\/noxnota.com\/fr\/","name":"Nox Nota","description":"THE FINISHING TOUCH FOR THE PERFECT INTERIOR","publisher":{"@id":"https:\/\/noxnota.com\/fr\/#organization"},"potentialAction":[{"@type":"SearchAction","target":{"@type":"EntryPoint","urlTemplate":"https:\/\/noxnota.com\/fr\/?s={search_term_string}"},"query-input":"required name=search_term_string"}],"inLanguage":"fr-FR"},{"@type":"Organization","@id":"https:\/\/noxnota.com\/fr\/#organization","name":"Nox Nota - The Art of Furniture Design","url":"https:\/\/noxnota.com\/fr\/","logo":{"@type":"ImageObject","inLanguage":"fr-FR","@id":"https:\/\/noxnota.com\/fr\/#\/schema\/logo\/image\/","url":"https:\/\/noxnota.com\/wp-content\/uploads\/2022\/05\/nox_nota.png","contentUrl":"https:\/\/noxnota.com\/wp-content\/uploads\/2022\/05\/nox_nota.png","width":500,"height":100,"caption":"Nox Nota - The Art of Furniture Design"},"image":{"@id":"https:\/\/noxnota.com\/fr\/#\/schema\/logo\/image\/"}}]}},"_links":{"self":[{"href":"https:\/\/noxnota.com\/fr\/wp-json\/wp\/v2\/product\/4961","targetHints":{"allow":["GET"]}}],"collection":[{"href":"https:\/\/noxnota.com\/fr\/wp-json\/wp\/v2\/product"}],"about":[{"href":"https:\/\/noxnota.com\/fr\/wp-json\/wp\/v2\/types\/product"}],"wp:featuredmedia":[{"embeddable":true,"href":"https:\/\/noxnota.com\/fr\/wp-json\/wp\/v2\/media\/4877"}],"wp:attachment":[{"href":"https:\/\/noxnota.com\/fr\/wp-json\/wp\/v2\/media?parent=4961"}],"wp:term":[{"taxonomy":"product_cat","embeddable":true,"href":"https:\/\/noxnota.com\/fr\/wp-json\/wp\/v2\/product_cat?post=4961"},{"taxonomy":"product_tag","embeddable":true,"href":"https:\/\/noxnota.com\/fr\/wp-json\/wp\/v2\/product_tag?post=4961"}],"curies":[{"name":"wp","href":"https:\/\/api.w.org\/{rel}","templated":true}]}}