{"id":4920,"date":"2022-06-08T11:20:16","date_gmt":"2022-06-08T11:20:16","guid":{"rendered":"https:\/\/noxnota.com\/product\/enzo-t1\/"},"modified":"2022-06-08T11:20:16","modified_gmt":"2022-06-08T11:20:16","slug":"enzo-t1","status":"publish","type":"product","link":"https:\/\/noxnota.com\/fr\/product\/enzo-t1\/","title":{"rendered":"ENZO T1"},"content":{"rendered":"<p><span style=\"font-weight: 400;\"><strong>TISSU BERGAMO<\/strong> Le tissu Bergamo de la collection Easy Life pr\u00e9sente une technique nouvelle et innovante pour les tissus d&rsquo;ameublement de tr\u00e8s haute qualit\u00e9.<\/span><span style=\"font-weight: 400;\">  Ce tissu est r\u00e9sistant aux taches, facile \u00e0 nettoyer et extr\u00eamement durable.<br \/>\nLe tissu Bergamo est la preuve qu&rsquo;un produit respectueux de l&rsquo;environnement peut \u00eatre \u00e0 la pointe de la conception de tissus performants. <\/span><\/p>\n<p><span style=\"font-weight: 400;\">Composition : 100% Polyester <\/span><span style=\"font-weight: 400;\">Durabilit\u00e9 : 100 000 Martindale<\/span><b><span style=\"color: #000000;\">POIGN\u00c9E EN BOIS<\/span><\/b>La poign\u00e9e est en placage de ch\u00eane pli\u00e9 et coll\u00e9, disponible en finition ch\u00eane laqu\u00e9 ou placage de ch\u00eane peint en noir.<\/p>\n","protected":false},"excerpt":{"rendered":"<p><span style=\"font-weight: 400;\">Le tissu Bergamo de la collection Easy Life utilise une technique nouvelle et innovante pour produire des tissus d&rsquo;ameublement de tr\u00e8s haute qualit\u00e9.<\/span><\/p>\n","protected":false},"featured_media":3680,"template":"","meta":{"iawp_total_views":11},"product_cat":[108],"product_tag":[],"class_list":{"0":"post-4920","1":"product","2":"type-product","3":"status-publish","4":"has-post-thumbnail","6":"product_cat-enzo-fr","8":"first","9":"onbackorder","10":"featured","11":"shipping-taxable","12":"purchasable","13":"product-type-variable","14":"has-default-attributes"},"yoast_head":"<!-- This site is optimized with the Yoast SEO plugin v23.1 - https:\/\/yoast.com\/wordpress\/plugins\/seo\/ -->\n<title>ENZO T1 - Nox Nota<\/title>\n<meta name=\"robots\" content=\"index, follow, max-snippet:-1, max-image-preview:large, max-video-preview:-1\" \/>\n<link rel=\"canonical\" href=\"https:\/\/noxnota.com\/fr\/product\/enzo-t1\/\" \/>\n<meta property=\"og:locale\" content=\"fr_FR\" \/>\n<meta property=\"og:type\" content=\"article\" \/>\n<meta property=\"og:title\" content=\"ENZO T1 - Nox Nota\" \/>\n<meta property=\"og:description\" content=\"Le tissu Bergamo de la collection Easy Life utilise une technique nouvelle et innovante pour produire des tissus d&#039;ameublement de tr\u00e8s haute qualit\u00e9.\" \/>\n<meta property=\"og:url\" content=\"https:\/\/noxnota.com\/fr\/product\/enzo-t1\/\" \/>\n<meta property=\"og:site_name\" content=\"Nox Nota\" \/>\n<meta property=\"og:image\" content=\"https:\/\/noxnota.com\/wp-content\/uploads\/2022\/06\/NOX-NOTA-POUF-BERGAMO-15-OAK-white-1.png\" \/>\n\t<meta property=\"og:image:width\" content=\"1400\" \/>\n\t<meta property=\"og:image:height\" content=\"1400\" \/>\n\t<meta property=\"og:image:type\" content=\"image\/png\" \/>\n<meta name=\"twitter:card\" content=\"summary_large_image\" \/>\n<script type=\"application\/ld+json\" class=\"yoast-schema-graph\">{\"@context\":\"https:\/\/schema.org\",\"@graph\":[{\"@type\":\"WebPage\",\"@id\":\"https:\/\/noxnota.com\/fr\/product\/enzo-t1\/\",\"url\":\"https:\/\/noxnota.com\/fr\/product\/enzo-t1\/\",\"name\":\"ENZO T1 - Nox Nota\",\"isPartOf\":{\"@id\":\"https:\/\/noxnota.com\/fr\/#website\"},\"primaryImageOfPage\":{\"@id\":\"https:\/\/noxnota.com\/fr\/product\/enzo-t1\/#primaryimage\"},\"image\":{\"@id\":\"https:\/\/noxnota.com\/fr\/product\/enzo-t1\/#primaryimage\"},\"thumbnailUrl\":\"https:\/\/noxnota.com\/wp-content\/uploads\/2022\/06\/NOX-NOTA-POUF-BERGAMO-15-OAK-white-1.png\",\"datePublished\":\"2022-06-08T11:20:16+00:00\",\"dateModified\":\"2022-06-08T11:20:16+00:00\",\"breadcrumb\":{\"@id\":\"https:\/\/noxnota.com\/fr\/product\/enzo-t1\/#breadcrumb\"},\"inLanguage\":\"fr-FR\",\"potentialAction\":[{\"@type\":\"ReadAction\",\"target\":[\"https:\/\/noxnota.com\/fr\/product\/enzo-t1\/\"]}]},{\"@type\":\"ImageObject\",\"inLanguage\":\"fr-FR\",\"@id\":\"https:\/\/noxnota.com\/fr\/product\/enzo-t1\/#primaryimage\",\"url\":\"https:\/\/noxnota.com\/wp-content\/uploads\/2022\/06\/NOX-NOTA-POUF-BERGAMO-15-OAK-white-1.png\",\"contentUrl\":\"https:\/\/noxnota.com\/wp-content\/uploads\/2022\/06\/NOX-NOTA-POUF-BERGAMO-15-OAK-white-1.png\",\"width\":1400,\"height\":1400},{\"@type\":\"BreadcrumbList\",\"@id\":\"https:\/\/noxnota.com\/fr\/product\/enzo-t1\/#breadcrumb\",\"itemListElement\":[{\"@type\":\"ListItem\",\"position\":1,\"name\":\"Home\",\"item\":\"https:\/\/noxnota.com\/fr\/\"},{\"@type\":\"ListItem\",\"position\":2,\"name\":\"Produits\",\"item\":\"https:\/\/noxnota.com\/fr\/shop\/\"},{\"@type\":\"ListItem\",\"position\":3,\"name\":\"ENZO T1\"}]},{\"@type\":\"WebSite\",\"@id\":\"https:\/\/noxnota.com\/fr\/#website\",\"url\":\"https:\/\/noxnota.com\/fr\/\",\"name\":\"Nox Nota\",\"description\":\"THE FINISHING TOUCH FOR THE PERFECT INTERIOR\",\"publisher\":{\"@id\":\"https:\/\/noxnota.com\/fr\/#organization\"},\"potentialAction\":[{\"@type\":\"SearchAction\",\"target\":{\"@type\":\"EntryPoint\",\"urlTemplate\":\"https:\/\/noxnota.com\/fr\/?s={search_term_string}\"},\"query-input\":\"required name=search_term_string\"}],\"inLanguage\":\"fr-FR\"},{\"@type\":\"Organization\",\"@id\":\"https:\/\/noxnota.com\/fr\/#organization\",\"name\":\"Nox Nota - The Art of Furniture Design\",\"url\":\"https:\/\/noxnota.com\/fr\/\",\"logo\":{\"@type\":\"ImageObject\",\"inLanguage\":\"fr-FR\",\"@id\":\"https:\/\/noxnota.com\/fr\/#\/schema\/logo\/image\/\",\"url\":\"https:\/\/noxnota.com\/wp-content\/uploads\/2022\/05\/nox_nota.png\",\"contentUrl\":\"https:\/\/noxnota.com\/wp-content\/uploads\/2022\/05\/nox_nota.png\",\"width\":500,\"height\":100,\"caption\":\"Nox Nota - The Art of Furniture Design\"},\"image\":{\"@id\":\"https:\/\/noxnota.com\/fr\/#\/schema\/logo\/image\/\"}}]}<\/script>\n<!-- \/ Yoast SEO plugin. -->","yoast_head_json":{"title":"ENZO T1 - Nox Nota","robots":{"index":"index","follow":"follow","max-snippet":"max-snippet:-1","max-image-preview":"max-image-preview:large","max-video-preview":"max-video-preview:-1"},"canonical":"https:\/\/noxnota.com\/fr\/product\/enzo-t1\/","og_locale":"fr_FR","og_type":"article","og_title":"ENZO T1 - Nox Nota","og_description":"Le tissu Bergamo de la collection Easy Life utilise une technique nouvelle et innovante pour produire des tissus d'ameublement de tr\u00e8s haute qualit\u00e9.","og_url":"https:\/\/noxnota.com\/fr\/product\/enzo-t1\/","og_site_name":"Nox Nota","og_image":[{"width":1400,"height":1400,"url":"https:\/\/noxnota.com\/wp-content\/uploads\/2022\/06\/NOX-NOTA-POUF-BERGAMO-15-OAK-white-1.png","type":"image\/png"}],"twitter_card":"summary_large_image","schema":{"@context":"https:\/\/schema.org","@graph":[{"@type":"WebPage","@id":"https:\/\/noxnota.com\/fr\/product\/enzo-t1\/","url":"https:\/\/noxnota.com\/fr\/product\/enzo-t1\/","name":"ENZO T1 - Nox Nota","isPartOf":{"@id":"https:\/\/noxnota.com\/fr\/#website"},"primaryImageOfPage":{"@id":"https:\/\/noxnota.com\/fr\/product\/enzo-t1\/#primaryimage"},"image":{"@id":"https:\/\/noxnota.com\/fr\/product\/enzo-t1\/#primaryimage"},"thumbnailUrl":"https:\/\/noxnota.com\/wp-content\/uploads\/2022\/06\/NOX-NOTA-POUF-BERGAMO-15-OAK-white-1.png","datePublished":"2022-06-08T11:20:16+00:00","dateModified":"2022-06-08T11:20:16+00:00","breadcrumb":{"@id":"https:\/\/noxnota.com\/fr\/product\/enzo-t1\/#breadcrumb"},"inLanguage":"fr-FR","potentialAction":[{"@type":"ReadAction","target":["https:\/\/noxnota.com\/fr\/product\/enzo-t1\/"]}]},{"@type":"ImageObject","inLanguage":"fr-FR","@id":"https:\/\/noxnota.com\/fr\/product\/enzo-t1\/#primaryimage","url":"https:\/\/noxnota.com\/wp-content\/uploads\/2022\/06\/NOX-NOTA-POUF-BERGAMO-15-OAK-white-1.png","contentUrl":"https:\/\/noxnota.com\/wp-content\/uploads\/2022\/06\/NOX-NOTA-POUF-BERGAMO-15-OAK-white-1.png","width":1400,"height":1400},{"@type":"BreadcrumbList","@id":"https:\/\/noxnota.com\/fr\/product\/enzo-t1\/#breadcrumb","itemListElement":[{"@type":"ListItem","position":1,"name":"Home","item":"https:\/\/noxnota.com\/fr\/"},{"@type":"ListItem","position":2,"name":"Produits","item":"https:\/\/noxnota.com\/fr\/shop\/"},{"@type":"ListItem","position":3,"name":"ENZO T1"}]},{"@type":"WebSite","@id":"https:\/\/noxnota.com\/fr\/#website","url":"https:\/\/noxnota.com\/fr\/","name":"Nox Nota","description":"THE FINISHING TOUCH FOR THE PERFECT INTERIOR","publisher":{"@id":"https:\/\/noxnota.com\/fr\/#organization"},"potentialAction":[{"@type":"SearchAction","target":{"@type":"EntryPoint","urlTemplate":"https:\/\/noxnota.com\/fr\/?s={search_term_string}"},"query-input":"required name=search_term_string"}],"inLanguage":"fr-FR"},{"@type":"Organization","@id":"https:\/\/noxnota.com\/fr\/#organization","name":"Nox Nota - The Art of Furniture Design","url":"https:\/\/noxnota.com\/fr\/","logo":{"@type":"ImageObject","inLanguage":"fr-FR","@id":"https:\/\/noxnota.com\/fr\/#\/schema\/logo\/image\/","url":"https:\/\/noxnota.com\/wp-content\/uploads\/2022\/05\/nox_nota.png","contentUrl":"https:\/\/noxnota.com\/wp-content\/uploads\/2022\/05\/nox_nota.png","width":500,"height":100,"caption":"Nox Nota - The Art of Furniture Design"},"image":{"@id":"https:\/\/noxnota.com\/fr\/#\/schema\/logo\/image\/"}}]}},"_links":{"self":[{"href":"https:\/\/noxnota.com\/fr\/wp-json\/wp\/v2\/product\/4920","targetHints":{"allow":["GET"]}}],"collection":[{"href":"https:\/\/noxnota.com\/fr\/wp-json\/wp\/v2\/product"}],"about":[{"href":"https:\/\/noxnota.com\/fr\/wp-json\/wp\/v2\/types\/product"}],"wp:featuredmedia":[{"embeddable":true,"href":"https:\/\/noxnota.com\/fr\/wp-json\/wp\/v2\/media\/3680"}],"wp:attachment":[{"href":"https:\/\/noxnota.com\/fr\/wp-json\/wp\/v2\/media?parent=4920"}],"wp:term":[{"taxonomy":"product_cat","embeddable":true,"href":"https:\/\/noxnota.com\/fr\/wp-json\/wp\/v2\/product_cat?post=4920"},{"taxonomy":"product_tag","embeddable":true,"href":"https:\/\/noxnota.com\/fr\/wp-json\/wp\/v2\/product_tag?post=4920"}],"curies":[{"name":"wp","href":"https:\/\/api.w.org\/{rel}","templated":true}]}}