{"id":5041,"date":"2023-01-17T07:45:54","date_gmt":"2023-01-17T07:45:54","guid":{"rendered":"https:\/\/noxnota.com\/liste-de-prix\/"},"modified":"2024-09-27T10:03:28","modified_gmt":"2024-09-27T10:03:28","slug":"liste-de-prix","status":"publish","type":"page","link":"https:\/\/noxnota.com\/fr\/liste-de-prix\/","title":{"rendered":"Liste de prix"},"content":{"rendered":"\t\t<div data-elementor-type=\"wp-page\" data-elementor-id=\"5041\" class=\"elementor elementor-5041 elementor-3533\" data-elementor-post-type=\"page\">\n\t\t\t\t\t\t<section class=\"elementor-section elementor-top-section elementor-element elementor-element-eff20d7 elementor-section-boxed elementor-section-height-default elementor-section-height-default\" data-id=\"eff20d7\" data-element_type=\"section\">\n\t\t\t\t\t\t<div class=\"elementor-container elementor-column-gap-default\">\n\t\t\t\t\t<div class=\"elementor-column elementor-col-50 elementor-top-column elementor-element elementor-element-8f8b1e7\" data-id=\"8f8b1e7\" data-element_type=\"column\">\n\t\t\t<div class=\"elementor-widget-wrap elementor-element-populated\">\n\t\t\t\t\t\t<div class=\"elementor-element elementor-element-9e441ca elementor-widget elementor-widget-heading\" data-id=\"9e441ca\" data-element_type=\"widget\" data-widget_type=\"heading.default\">\n\t\t\t\t<div class=\"elementor-widget-container\">\n\t\t\t<h2 class=\"elementor-heading-title elementor-size-default\">T\u00c9L\u00c9CHARGER<\/h2>\t\t<\/div>\n\t\t\t\t<\/div>\n\t\t\t\t<div class=\"elementor-element elementor-element-485a7e3 elementor-align-left elementor-widget elementor-widget-button\" data-id=\"485a7e3\" data-element_type=\"widget\" data-widget_type=\"button.default\">\n\t\t\t\t<div class=\"elementor-widget-container\">\n\t\t\t\t\t<div class=\"elementor-button-wrapper\">\n\t\t\t<a class=\"elementor-button elementor-button-link elementor-size-sm\" href=\"https:\/\/noxnota.com\/wp-content\/uploads\/2023\/02\/NOX_NOTA_ENZO_PRICE_LIST_2023.pdf\">\n\t\t\t\t\t\t<span class=\"elementor-button-content-wrapper\">\n\t\t\t\t\t\t\t\t\t<span class=\"elementor-button-text\">Liste de prix PDF<\/span>\n\t\t\t\t\t<\/span>\n\t\t\t\t\t<\/a>\n\t\t<\/div>\n\t\t\t\t<\/div>\n\t\t\t\t<\/div>\n\t\t\t\t\t<\/div>\n\t\t<\/div>\n\t\t\t\t<div class=\"elementor-column elementor-col-50 elementor-top-column elementor-element elementor-element-807bbf9\" data-id=\"807bbf9\" data-element_type=\"column\">\n\t\t\t<div class=\"elementor-widget-wrap elementor-element-populated\">\n\t\t\t\t\t\t<div class=\"elementor-element elementor-element-68efc92 elementor-widget elementor-widget-image\" data-id=\"68efc92\" data-element_type=\"widget\" data-widget_type=\"image.default\">\n\t\t\t\t<div class=\"elementor-widget-container\">\n\t\t\t\t\t\t\t\t\t\t\t\t\t<img fetchpriority=\"high\" decoding=\"async\" width=\"1024\" height=\"724\" src=\"https:\/\/noxnota.com\/wp-content\/uploads\/2023\/02\/NOX_NOTA_ENZO_PRICE_LIST_2023-1-1024x724.jpg\" class=\"attachment-large size-large wp-image-4902\" alt=\"\" srcset=\"https:\/\/noxnota.com\/wp-content\/uploads\/2023\/02\/NOX_NOTA_ENZO_PRICE_LIST_2023-1-1024x724.jpg 1024w, https:\/\/noxnota.com\/wp-content\/uploads\/2023\/02\/NOX_NOTA_ENZO_PRICE_LIST_2023-1-300x212.jpg 300w, https:\/\/noxnota.com\/wp-content\/uploads\/2023\/02\/NOX_NOTA_ENZO_PRICE_LIST_2023-1-768x543.jpg 768w, https:\/\/noxnota.com\/wp-content\/uploads\/2023\/02\/NOX_NOTA_ENZO_PRICE_LIST_2023-1-1536x1086.jpg 1536w, https:\/\/noxnota.com\/wp-content\/uploads\/2023\/02\/NOX_NOTA_ENZO_PRICE_LIST_2023-1-350x247.jpg 350w, https:\/\/noxnota.com\/wp-content\/uploads\/2023\/02\/NOX_NOTA_ENZO_PRICE_LIST_2023-1-680x481.jpg 680w, https:\/\/noxnota.com\/wp-content\/uploads\/2023\/02\/NOX_NOTA_ENZO_PRICE_LIST_2023-1.jpg 2000w\" sizes=\"(max-width: 1024px) 100vw, 1024px\" \/>\t\t\t\t\t\t\t\t\t\t\t\t\t<\/div>\n\t\t\t\t<\/div>\n\t\t\t\t\t<\/div>\n\t\t<\/div>\n\t\t\t\t\t<\/div>\n\t\t<\/section>\n\t\t\t\t<section class=\"elementor-section elementor-top-section elementor-element elementor-element-66fe3c8 elementor-section-boxed elementor-section-height-default elementor-section-height-default\" data-id=\"66fe3c8\" data-element_type=\"section\">\n\t\t\t\t\t\t<div class=\"elementor-container elementor-column-gap-default\">\n\t\t\t\t\t<div class=\"elementor-column elementor-col-50 elementor-top-column elementor-element elementor-element-51cf8e8\" data-id=\"51cf8e8\" data-element_type=\"column\">\n\t\t\t<div class=\"elementor-widget-wrap elementor-element-populated\">\n\t\t\t\t\t\t<div class=\"elementor-element elementor-element-a48d5d2 elementor-widget elementor-widget-heading\" data-id=\"a48d5d2\" data-element_type=\"widget\" data-widget_type=\"heading.default\">\n\t\t\t\t<div class=\"elementor-widget-container\">\n\t\t\t<h2 class=\"elementor-heading-title elementor-size-default\">T\u00c9L\u00c9CHARGER<\/h2>\t\t<\/div>\n\t\t\t\t<\/div>\n\t\t\t\t<div class=\"elementor-element elementor-element-98e9fcd elementor-align-left elementor-widget elementor-widget-button\" data-id=\"98e9fcd\" data-element_type=\"widget\" data-widget_type=\"button.default\">\n\t\t\t\t<div class=\"elementor-widget-container\">\n\t\t\t\t\t<div class=\"elementor-button-wrapper\">\n\t\t\t<a class=\"elementor-button elementor-button-link elementor-size-sm\" href=\"https:\/\/noxnota.com\/wp-content\/uploads\/2023\/02\/NOX_NOTA_NOA_PRICE_LIST_2023.pdf\">\n\t\t\t\t\t\t<span class=\"elementor-button-content-wrapper\">\n\t\t\t\t\t\t\t\t\t<span class=\"elementor-button-text\">Liste de prix PDF<\/span>\n\t\t\t\t\t<\/span>\n\t\t\t\t\t<\/a>\n\t\t<\/div>\n\t\t\t\t<\/div>\n\t\t\t\t<\/div>\n\t\t\t\t\t<\/div>\n\t\t<\/div>\n\t\t\t\t<div class=\"elementor-column elementor-col-50 elementor-top-column elementor-element elementor-element-9f5502d\" data-id=\"9f5502d\" data-element_type=\"column\">\n\t\t\t<div class=\"elementor-widget-wrap elementor-element-populated\">\n\t\t\t\t\t\t<div class=\"elementor-element elementor-element-b3b1731 elementor-widget elementor-widget-image\" data-id=\"b3b1731\" data-element_type=\"widget\" data-widget_type=\"image.default\">\n\t\t\t\t<div class=\"elementor-widget-container\">\n\t\t\t\t\t\t\t\t\t\t\t\t\t<img decoding=\"async\" width=\"1024\" height=\"724\" src=\"https:\/\/noxnota.com\/wp-content\/uploads\/2023\/02\/NOX_NOTA_NOA_PRICE_LIST_2023-1024x724.jpg\" class=\"attachment-large size-large wp-image-4903\" alt=\"\" srcset=\"https:\/\/noxnota.com\/wp-content\/uploads\/2023\/02\/NOX_NOTA_NOA_PRICE_LIST_2023-1024x724.jpg 1024w, https:\/\/noxnota.com\/wp-content\/uploads\/2023\/02\/NOX_NOTA_NOA_PRICE_LIST_2023-300x212.jpg 300w, https:\/\/noxnota.com\/wp-content\/uploads\/2023\/02\/NOX_NOTA_NOA_PRICE_LIST_2023-768x543.jpg 768w, https:\/\/noxnota.com\/wp-content\/uploads\/2023\/02\/NOX_NOTA_NOA_PRICE_LIST_2023-350x247.jpg 350w, https:\/\/noxnota.com\/wp-content\/uploads\/2023\/02\/NOX_NOTA_NOA_PRICE_LIST_2023-680x481.jpg 680w, https:\/\/noxnota.com\/wp-content\/uploads\/2023\/02\/NOX_NOTA_NOA_PRICE_LIST_2023.jpg 1191w\" sizes=\"(max-width: 1024px) 100vw, 1024px\" \/>\t\t\t\t\t\t\t\t\t\t\t\t\t<\/div>\n\t\t\t\t<\/div>\n\t\t\t\t\t<\/div>\n\t\t<\/div>\n\t\t\t\t\t<\/div>\n\t\t<\/section>\n\t\t\t\t<\/div>\n\t\t","protected":false},"excerpt":{"rendered":"<p>T\u00c9L\u00c9CHARGER Liste de prix PDF T\u00c9L\u00c9CHARGER Liste de prix PDF<\/p>\n","protected":false},"author":2,"featured_media":0,"parent":0,"menu_order":0,"comment_status":"closed","ping_status":"closed","template":"","meta":{"iawp_total_views":0,"footnotes":""},"class_list":["post-5041","page","type-page","status-publish","hentry"],"yoast_head":"<!-- This site is optimized with the Yoast SEO plugin v23.1 - https:\/\/yoast.com\/wordpress\/plugins\/seo\/ -->\n<title>Liste de prix - Nox Nota<\/title>\n<meta name=\"robots\" content=\"index, follow, max-snippet:-1, max-image-preview:large, max-video-preview:-1\" \/>\n<link rel=\"canonical\" href=\"https:\/\/noxnota.com\/fr\/liste-de-prix\/\" \/>\n<meta property=\"og:locale\" content=\"fr_FR\" \/>\n<meta property=\"og:type\" content=\"article\" \/>\n<meta property=\"og:title\" content=\"Liste de prix - Nox Nota\" \/>\n<meta property=\"og:description\" content=\"T\u00c9L\u00c9CHARGER Liste de prix PDF T\u00c9L\u00c9CHARGER Liste de prix PDF\" \/>\n<meta property=\"og:url\" content=\"https:\/\/noxnota.com\/fr\/liste-de-prix\/\" \/>\n<meta property=\"og:site_name\" content=\"Nox Nota\" \/>\n<meta property=\"article:modified_time\" content=\"2024-09-27T10:03:28+00:00\" \/>\n<meta property=\"og:image\" content=\"https:\/\/noxnota.com\/wp-content\/uploads\/2023\/02\/NOX_NOTA_ENZO_PRICE_LIST_2023-1-1024x724.jpg\" \/>\n<meta name=\"twitter:card\" content=\"summary_large_image\" \/>\n<script type=\"application\/ld+json\" class=\"yoast-schema-graph\">{\"@context\":\"https:\/\/schema.org\",\"@graph\":[{\"@type\":\"WebPage\",\"@id\":\"https:\/\/noxnota.com\/fr\/liste-de-prix\/\",\"url\":\"https:\/\/noxnota.com\/fr\/liste-de-prix\/\",\"name\":\"Liste de prix - Nox Nota\",\"isPartOf\":{\"@id\":\"https:\/\/noxnota.com\/fr\/#website\"},\"primaryImageOfPage\":{\"@id\":\"https:\/\/noxnota.com\/fr\/liste-de-prix\/#primaryimage\"},\"image\":{\"@id\":\"https:\/\/noxnota.com\/fr\/liste-de-prix\/#primaryimage\"},\"thumbnailUrl\":\"https:\/\/noxnota.com\/wp-content\/uploads\/2023\/02\/NOX_NOTA_ENZO_PRICE_LIST_2023-1-1024x724.jpg\",\"datePublished\":\"2023-01-17T07:45:54+00:00\",\"dateModified\":\"2024-09-27T10:03:28+00:00\",\"breadcrumb\":{\"@id\":\"https:\/\/noxnota.com\/fr\/liste-de-prix\/#breadcrumb\"},\"inLanguage\":\"fr-FR\",\"potentialAction\":[{\"@type\":\"ReadAction\",\"target\":[\"https:\/\/noxnota.com\/fr\/liste-de-prix\/\"]}]},{\"@type\":\"ImageObject\",\"inLanguage\":\"fr-FR\",\"@id\":\"https:\/\/noxnota.com\/fr\/liste-de-prix\/#primaryimage\",\"url\":\"https:\/\/noxnota.com\/wp-content\/uploads\/2023\/02\/NOX_NOTA_ENZO_PRICE_LIST_2023-1-1024x724.jpg\",\"contentUrl\":\"https:\/\/noxnota.com\/wp-content\/uploads\/2023\/02\/NOX_NOTA_ENZO_PRICE_LIST_2023-1-1024x724.jpg\"},{\"@type\":\"BreadcrumbList\",\"@id\":\"https:\/\/noxnota.com\/fr\/liste-de-prix\/#breadcrumb\",\"itemListElement\":[{\"@type\":\"ListItem\",\"position\":1,\"name\":\"Home\",\"item\":\"https:\/\/noxnota.com\/fr\/\"},{\"@type\":\"ListItem\",\"position\":2,\"name\":\"Liste de prix\"}]},{\"@type\":\"WebSite\",\"@id\":\"https:\/\/noxnota.com\/fr\/#website\",\"url\":\"https:\/\/noxnota.com\/fr\/\",\"name\":\"Nox Nota\",\"description\":\"THE FINISHING TOUCH FOR THE PERFECT INTERIOR\",\"publisher\":{\"@id\":\"https:\/\/noxnota.com\/fr\/#organization\"},\"potentialAction\":[{\"@type\":\"SearchAction\",\"target\":{\"@type\":\"EntryPoint\",\"urlTemplate\":\"https:\/\/noxnota.com\/fr\/?s={search_term_string}\"},\"query-input\":\"required name=search_term_string\"}],\"inLanguage\":\"fr-FR\"},{\"@type\":\"Organization\",\"@id\":\"https:\/\/noxnota.com\/fr\/#organization\",\"name\":\"Nox Nota - The Art of Furniture Design\",\"url\":\"https:\/\/noxnota.com\/fr\/\",\"logo\":{\"@type\":\"ImageObject\",\"inLanguage\":\"fr-FR\",\"@id\":\"https:\/\/noxnota.com\/fr\/#\/schema\/logo\/image\/\",\"url\":\"https:\/\/noxnota.com\/wp-content\/uploads\/2022\/05\/nox_nota.png\",\"contentUrl\":\"https:\/\/noxnota.com\/wp-content\/uploads\/2022\/05\/nox_nota.png\",\"width\":500,\"height\":100,\"caption\":\"Nox Nota - The Art of Furniture Design\"},\"image\":{\"@id\":\"https:\/\/noxnota.com\/fr\/#\/schema\/logo\/image\/\"}}]}<\/script>\n<!-- \/ Yoast SEO plugin. -->","yoast_head_json":{"title":"Liste de prix - Nox Nota","robots":{"index":"index","follow":"follow","max-snippet":"max-snippet:-1","max-image-preview":"max-image-preview:large","max-video-preview":"max-video-preview:-1"},"canonical":"https:\/\/noxnota.com\/fr\/liste-de-prix\/","og_locale":"fr_FR","og_type":"article","og_title":"Liste de prix - Nox Nota","og_description":"T\u00c9L\u00c9CHARGER Liste de prix PDF T\u00c9L\u00c9CHARGER Liste de prix PDF","og_url":"https:\/\/noxnota.com\/fr\/liste-de-prix\/","og_site_name":"Nox Nota","article_modified_time":"2024-09-27T10:03:28+00:00","og_image":[{"url":"https:\/\/noxnota.com\/wp-content\/uploads\/2023\/02\/NOX_NOTA_ENZO_PRICE_LIST_2023-1-1024x724.jpg"}],"twitter_card":"summary_large_image","schema":{"@context":"https:\/\/schema.org","@graph":[{"@type":"WebPage","@id":"https:\/\/noxnota.com\/fr\/liste-de-prix\/","url":"https:\/\/noxnota.com\/fr\/liste-de-prix\/","name":"Liste de prix - Nox Nota","isPartOf":{"@id":"https:\/\/noxnota.com\/fr\/#website"},"primaryImageOfPage":{"@id":"https:\/\/noxnota.com\/fr\/liste-de-prix\/#primaryimage"},"image":{"@id":"https:\/\/noxnota.com\/fr\/liste-de-prix\/#primaryimage"},"thumbnailUrl":"https:\/\/noxnota.com\/wp-content\/uploads\/2023\/02\/NOX_NOTA_ENZO_PRICE_LIST_2023-1-1024x724.jpg","datePublished":"2023-01-17T07:45:54+00:00","dateModified":"2024-09-27T10:03:28+00:00","breadcrumb":{"@id":"https:\/\/noxnota.com\/fr\/liste-de-prix\/#breadcrumb"},"inLanguage":"fr-FR","potentialAction":[{"@type":"ReadAction","target":["https:\/\/noxnota.com\/fr\/liste-de-prix\/"]}]},{"@type":"ImageObject","inLanguage":"fr-FR","@id":"https:\/\/noxnota.com\/fr\/liste-de-prix\/#primaryimage","url":"https:\/\/noxnota.com\/wp-content\/uploads\/2023\/02\/NOX_NOTA_ENZO_PRICE_LIST_2023-1-1024x724.jpg","contentUrl":"https:\/\/noxnota.com\/wp-content\/uploads\/2023\/02\/NOX_NOTA_ENZO_PRICE_LIST_2023-1-1024x724.jpg"},{"@type":"BreadcrumbList","@id":"https:\/\/noxnota.com\/fr\/liste-de-prix\/#breadcrumb","itemListElement":[{"@type":"ListItem","position":1,"name":"Home","item":"https:\/\/noxnota.com\/fr\/"},{"@type":"ListItem","position":2,"name":"Liste de prix"}]},{"@type":"WebSite","@id":"https:\/\/noxnota.com\/fr\/#website","url":"https:\/\/noxnota.com\/fr\/","name":"Nox Nota","description":"THE FINISHING TOUCH FOR THE PERFECT INTERIOR","publisher":{"@id":"https:\/\/noxnota.com\/fr\/#organization"},"potentialAction":[{"@type":"SearchAction","target":{"@type":"EntryPoint","urlTemplate":"https:\/\/noxnota.com\/fr\/?s={search_term_string}"},"query-input":"required name=search_term_string"}],"inLanguage":"fr-FR"},{"@type":"Organization","@id":"https:\/\/noxnota.com\/fr\/#organization","name":"Nox Nota - The Art of Furniture Design","url":"https:\/\/noxnota.com\/fr\/","logo":{"@type":"ImageObject","inLanguage":"fr-FR","@id":"https:\/\/noxnota.com\/fr\/#\/schema\/logo\/image\/","url":"https:\/\/noxnota.com\/wp-content\/uploads\/2022\/05\/nox_nota.png","contentUrl":"https:\/\/noxnota.com\/wp-content\/uploads\/2022\/05\/nox_nota.png","width":500,"height":100,"caption":"Nox Nota - The Art of Furniture Design"},"image":{"@id":"https:\/\/noxnota.com\/fr\/#\/schema\/logo\/image\/"}}]}},"_links":{"self":[{"href":"https:\/\/noxnota.com\/fr\/wp-json\/wp\/v2\/pages\/5041","targetHints":{"allow":["GET"]}}],"collection":[{"href":"https:\/\/noxnota.com\/fr\/wp-json\/wp\/v2\/pages"}],"about":[{"href":"https:\/\/noxnota.com\/fr\/wp-json\/wp\/v2\/types\/page"}],"author":[{"embeddable":true,"href":"https:\/\/noxnota.com\/fr\/wp-json\/wp\/v2\/users\/2"}],"replies":[{"embeddable":true,"href":"https:\/\/noxnota.com\/fr\/wp-json\/wp\/v2\/comments?post=5041"}],"version-history":[{"count":1,"href":"https:\/\/noxnota.com\/fr\/wp-json\/wp\/v2\/pages\/5041\/revisions"}],"predecessor-version":[{"id":5043,"href":"https:\/\/noxnota.com\/fr\/wp-json\/wp\/v2\/pages\/5041\/revisions\/5043"}],"wp:attachment":[{"href":"https:\/\/noxnota.com\/fr\/wp-json\/wp\/v2\/media?parent=5041"}],"curies":[{"name":"wp","href":"https:\/\/api.w.org\/{rel}","templated":true}]}}