{"id":5001,"date":"2023-01-31T07:37:59","date_gmt":"2023-01-31T07:37:59","guid":{"rendered":"https:\/\/noxnota.com\/a-propos-de-nous\/"},"modified":"2024-09-27T09:59:18","modified_gmt":"2024-09-27T09:59:18","slug":"a-propos-de-nous","status":"publish","type":"page","link":"https:\/\/noxnota.com\/fr\/a-propos-de-nous\/","title":{"rendered":"A propos de nous"},"content":{"rendered":"\t\t<div data-elementor-type=\"wp-page\" data-elementor-id=\"5001\" class=\"elementor elementor-5001 elementor-3893\" data-elementor-post-type=\"page\">\n\t\t\t\t\t\t<section class=\"elementor-section elementor-top-section elementor-element elementor-element-18ceed6 elementor-reverse-mobile elementor-section-boxed elementor-section-height-default elementor-section-height-default\" data-id=\"18ceed6\" data-element_type=\"section\" data-settings=\"{&quot;background_background&quot;:&quot;classic&quot;}\">\n\t\t\t\t\t\t<div class=\"elementor-container elementor-column-gap-default\">\n\t\t\t\t\t<div class=\"elementor-column elementor-col-50 elementor-top-column elementor-element elementor-element-8baf22e\" data-id=\"8baf22e\" data-element_type=\"column\">\n\t\t\t<div class=\"elementor-widget-wrap elementor-element-populated\">\n\t\t\t\t\t\t<div class=\"elementor-element elementor-element-4b9788f elementor-hidden-tablet elementor-hidden-mobile elementor-widget elementor-widget-spacer\" data-id=\"4b9788f\" data-element_type=\"widget\" data-widget_type=\"spacer.default\">\n\t\t\t\t<div class=\"elementor-widget-container\">\n\t\t\t\t\t<div class=\"elementor-spacer\">\n\t\t\t<div class=\"elementor-spacer-inner\"><\/div>\n\t\t<\/div>\n\t\t\t\t<\/div>\n\t\t\t\t<\/div>\n\t\t\t\t<div class=\"elementor-element elementor-element-a38d3c6 elementor-invisible elementor-widget elementor-widget-heading\" data-id=\"a38d3c6\" data-element_type=\"widget\" data-settings=\"{&quot;_animation&quot;:&quot;fadeInUp&quot;}\" data-widget_type=\"heading.default\">\n\t\t\t\t<div class=\"elementor-widget-container\">\n\t\t\t<h2 class=\"elementor-heading-title elementor-size-default\">Le flair fonctionnel : L'art de la conception de meubles<\/h2>\t\t<\/div>\n\t\t\t\t<\/div>\n\t\t\t\t<div class=\"elementor-element elementor-element-628a2e9 elementor-invisible elementor-widget elementor-widget-heading\" data-id=\"628a2e9\" data-element_type=\"widget\" data-settings=\"{&quot;_animation&quot;:&quot;fadeInUp&quot;}\" data-widget_type=\"heading.default\">\n\t\t\t\t<div class=\"elementor-widget-container\">\n\t\t\t<h2 class=\"elementor-heading-title elementor-size-default\">Avec plus de 25 ans d'exp\u00e9rience dans l'industrie du meuble, nous avons perfectionn\u00e9 notre m\u00e9tier et d\u00e9velopp\u00e9 une compr\u00e9hension profonde de l'importance de la fonction, de la forme et de la qualit\u00e9 dans notre travail.<\/h2>\t\t<\/div>\n\t\t\t\t<\/div>\n\t\t\t\t<div class=\"elementor-element elementor-element-cef33af elementor-invisible elementor-widget elementor-widget-heading\" data-id=\"cef33af\" data-element_type=\"widget\" data-settings=\"{&quot;_animation&quot;:&quot;fadeInUp&quot;}\" data-widget_type=\"heading.default\">\n\t\t\t\t<div class=\"elementor-widget-container\">\n\t\t\t<h2 class=\"elementor-heading-title elementor-size-default\">Nous avons explor\u00e9 un large \u00e9ventail de styles, de mat\u00e9riaux et de conceptions, et nous sommes arriv\u00e9s \u00e0 la conclusion que les meubles doivent \u00eatre plus qu'un bel objet - ils doivent \u00eatre fonctionnels, bien con\u00e7us et construits pour durer.\nCette passion pour la cr\u00e9ation de pi\u00e8ces fonctionnelles et de haute qualit\u00e9 est ce qui nous pousse \u00e0 continuer \u00e0 am\u00e9liorer et \u00e0 repousser les limites de ce qui est possible dans le monde de la fabrication de meubles. <\/h2>\t\t<\/div>\n\t\t\t\t<\/div>\n\t\t\t\t<div class=\"elementor-element elementor-element-c687720 elementor-widget elementor-widget-image\" data-id=\"c687720\" data-element_type=\"widget\" data-widget_type=\"image.default\">\n\t\t\t\t<div class=\"elementor-widget-container\">\n\t\t\t\t\t\t\t\t\t\t\t\t\t<img fetchpriority=\"high\" decoding=\"async\" width=\"1024\" height=\"683\" src=\"https:\/\/noxnota.com\/wp-content\/uploads\/2023\/01\/NOX-NOTA-BEIGE-POUF-SHADOWS2-scaled-e1675169445295-1024x683.jpg\" class=\"attachment-large size-large wp-image-4888\" alt=\"\" srcset=\"https:\/\/noxnota.com\/wp-content\/uploads\/2023\/01\/NOX-NOTA-BEIGE-POUF-SHADOWS2-scaled-e1675169445295-1024x683.jpg 1024w, https:\/\/noxnota.com\/wp-content\/uploads\/2023\/01\/NOX-NOTA-BEIGE-POUF-SHADOWS2-scaled-e1675169445295-300x200.jpg 300w, https:\/\/noxnota.com\/wp-content\/uploads\/2023\/01\/NOX-NOTA-BEIGE-POUF-SHADOWS2-scaled-e1675169445295-768x512.jpg 768w, https:\/\/noxnota.com\/wp-content\/uploads\/2023\/01\/NOX-NOTA-BEIGE-POUF-SHADOWS2-scaled-e1675169445295-1536x1024.jpg 1536w, https:\/\/noxnota.com\/wp-content\/uploads\/2023\/01\/NOX-NOTA-BEIGE-POUF-SHADOWS2-scaled-e1675169445295-2048x1366.jpg 2048w, https:\/\/noxnota.com\/wp-content\/uploads\/2023\/01\/NOX-NOTA-BEIGE-POUF-SHADOWS2-scaled-e1675169445295-350x233.jpg 350w, https:\/\/noxnota.com\/wp-content\/uploads\/2023\/01\/NOX-NOTA-BEIGE-POUF-SHADOWS2-scaled-e1675169445295-680x453.jpg 680w\" sizes=\"(max-width: 1024px) 100vw, 1024px\" \/>\t\t\t\t\t\t\t\t\t\t\t\t\t<\/div>\n\t\t\t\t<\/div>\n\t\t\t\t<div class=\"elementor-element elementor-element-5f6aaff elementor-widget__width-initial elementor-absolute elementor-widget-mobile__width-initial elementor-widget elementor-widget-heading\" data-id=\"5f6aaff\" data-element_type=\"widget\" data-settings=\"{&quot;_position&quot;:&quot;absolute&quot;,&quot;_animation_mobile&quot;:&quot;fadeInUp&quot;}\" data-widget_type=\"heading.default\">\n\t\t\t\t<div class=\"elementor-widget-container\">\n\t\t\t<h2 class=\"elementor-heading-title elementor-size-default\">LA SIMPLICIT\u00c9 \u00c0 SON MEILLEUR : DES LIGNES \u00c9PUR\u00c9ES, UNE QUALIT\u00c9 EXCEPTIONNELLE<\/h2>\t\t<\/div>\n\t\t\t\t<\/div>\n\t\t\t\t\t<\/div>\n\t\t<\/div>\n\t\t\t\t<div class=\"elementor-column elementor-col-50 elementor-top-column elementor-element elementor-element-6cd6e3e\" data-id=\"6cd6e3e\" data-element_type=\"column\">\n\t\t\t<div class=\"elementor-widget-wrap elementor-element-populated\">\n\t\t\t\t\t\t<div class=\"elementor-element elementor-element-019f2c6 elementor-widget elementor-widget-image\" data-id=\"019f2c6\" data-element_type=\"widget\" data-widget_type=\"image.default\">\n\t\t\t\t<div class=\"elementor-widget-container\">\n\t\t\t\t\t\t\t\t\t\t\t\t\t<img decoding=\"async\" width=\"683\" height=\"1024\" src=\"https:\/\/noxnota.com\/wp-content\/uploads\/2023\/01\/JG_nn_vertikals-683x1024.jpg\" class=\"attachment-large size-large wp-image-4887\" alt=\"\" srcset=\"https:\/\/noxnota.com\/wp-content\/uploads\/2023\/01\/JG_nn_vertikals-683x1024.jpg 683w, https:\/\/noxnota.com\/wp-content\/uploads\/2023\/01\/JG_nn_vertikals-200x300.jpg 200w, https:\/\/noxnota.com\/wp-content\/uploads\/2023\/01\/JG_nn_vertikals-768x1152.jpg 768w, https:\/\/noxnota.com\/wp-content\/uploads\/2023\/01\/JG_nn_vertikals-1024x1536.jpg 1024w, https:\/\/noxnota.com\/wp-content\/uploads\/2023\/01\/JG_nn_vertikals-1365x2048.jpg 1365w, https:\/\/noxnota.com\/wp-content\/uploads\/2023\/01\/JG_nn_vertikals-350x525.jpg 350w, https:\/\/noxnota.com\/wp-content\/uploads\/2023\/01\/JG_nn_vertikals-680x1020.jpg 680w, https:\/\/noxnota.com\/wp-content\/uploads\/2023\/01\/JG_nn_vertikals-scaled.jpg 1707w\" sizes=\"(max-width: 683px) 100vw, 683px\" \/>\t\t\t\t\t\t\t\t\t\t\t\t\t<\/div>\n\t\t\t\t<\/div>\n\t\t\t\t<div class=\"elementor-element elementor-element-1eaa8f4 elementor-widget elementor-widget-heading\" data-id=\"1eaa8f4\" data-element_type=\"widget\" data-widget_type=\"heading.default\">\n\t\t\t\t<div class=\"elementor-widget-container\">\n\t\t\t<h2 class=\"elementor-heading-title elementor-size-default\">-PDG Juris Gri\u0137is<\/h2>\t\t<\/div>\n\t\t\t\t<\/div>\n\t\t\t\t\t<\/div>\n\t\t<\/div>\n\t\t\t\t\t<\/div>\n\t\t<\/section>\n\t\t\t\t<\/div>\n\t\t","protected":false},"excerpt":{"rendered":"<p>Le flair fonctionnel : L&rsquo;art de la conception de meubles Avec plus de 25 ans d&rsquo;exp\u00e9rience dans l&rsquo;industrie du meuble, nous avons perfectionn\u00e9 notre m\u00e9tier et d\u00e9velopp\u00e9 une compr\u00e9hension profonde de l&rsquo;importance de la fonction, de la forme et de la qualit\u00e9 dans notre travail. Nous avons explor\u00e9 un large \u00e9ventail de styles, de mat\u00e9riaux &hellip;<\/p>\n","protected":false},"author":2,"featured_media":0,"parent":0,"menu_order":0,"comment_status":"closed","ping_status":"closed","template":"elementor_header_footer","meta":{"iawp_total_views":8,"footnotes":""},"class_list":["post-5001","page","type-page","status-publish","hentry"],"yoast_head":"<!-- This site is optimized with the Yoast SEO plugin v23.1 - https:\/\/yoast.com\/wordpress\/plugins\/seo\/ -->\n<title>A propos de nous - Nox Nota<\/title>\n<meta name=\"robots\" content=\"index, follow, max-snippet:-1, max-image-preview:large, max-video-preview:-1\" \/>\n<link rel=\"canonical\" href=\"https:\/\/noxnota.com\/fr\/a-propos-de-nous\/\" \/>\n<meta property=\"og:locale\" content=\"fr_FR\" \/>\n<meta property=\"og:type\" content=\"article\" \/>\n<meta property=\"og:title\" content=\"A propos de nous - Nox Nota\" \/>\n<meta property=\"og:description\" content=\"Le flair fonctionnel : L&rsquo;art de la conception de meubles Avec plus de 25 ans d&rsquo;exp\u00e9rience dans l&rsquo;industrie du meuble, nous avons perfectionn\u00e9 notre m\u00e9tier et d\u00e9velopp\u00e9 une compr\u00e9hension profonde de l&rsquo;importance de la fonction, de la forme et de la qualit\u00e9 dans notre travail. Nous avons explor\u00e9 un large \u00e9ventail de styles, de mat\u00e9riaux &hellip;\" \/>\n<meta property=\"og:url\" content=\"https:\/\/noxnota.com\/fr\/a-propos-de-nous\/\" \/>\n<meta property=\"og:site_name\" content=\"Nox Nota\" \/>\n<meta property=\"article:modified_time\" content=\"2024-09-27T09:59:18+00:00\" \/>\n<meta property=\"og:image\" content=\"https:\/\/noxnota.com\/wp-content\/uploads\/2023\/01\/NOX-NOTA-BEIGE-POUF-SHADOWS2-scaled-e1675169445295-1024x683.jpg\" \/>\n<meta name=\"twitter:card\" content=\"summary_large_image\" \/>\n<meta name=\"twitter:label1\" content=\"Dur\u00e9e de lecture estim\u00e9e\" \/>\n\t<meta name=\"twitter:data1\" content=\"1 minute\" \/>\n<script type=\"application\/ld+json\" class=\"yoast-schema-graph\">{\"@context\":\"https:\/\/schema.org\",\"@graph\":[{\"@type\":\"WebPage\",\"@id\":\"https:\/\/noxnota.com\/fr\/a-propos-de-nous\/\",\"url\":\"https:\/\/noxnota.com\/fr\/a-propos-de-nous\/\",\"name\":\"A propos de nous - Nox Nota\",\"isPartOf\":{\"@id\":\"https:\/\/noxnota.com\/fr\/#website\"},\"primaryImageOfPage\":{\"@id\":\"https:\/\/noxnota.com\/fr\/a-propos-de-nous\/#primaryimage\"},\"image\":{\"@id\":\"https:\/\/noxnota.com\/fr\/a-propos-de-nous\/#primaryimage\"},\"thumbnailUrl\":\"https:\/\/noxnota.com\/wp-content\/uploads\/2023\/01\/NOX-NOTA-BEIGE-POUF-SHADOWS2-scaled-e1675169445295-1024x683.jpg\",\"datePublished\":\"2023-01-31T07:37:59+00:00\",\"dateModified\":\"2024-09-27T09:59:18+00:00\",\"breadcrumb\":{\"@id\":\"https:\/\/noxnota.com\/fr\/a-propos-de-nous\/#breadcrumb\"},\"inLanguage\":\"fr-FR\",\"potentialAction\":[{\"@type\":\"ReadAction\",\"target\":[\"https:\/\/noxnota.com\/fr\/a-propos-de-nous\/\"]}]},{\"@type\":\"ImageObject\",\"inLanguage\":\"fr-FR\",\"@id\":\"https:\/\/noxnota.com\/fr\/a-propos-de-nous\/#primaryimage\",\"url\":\"https:\/\/noxnota.com\/wp-content\/uploads\/2023\/01\/NOX-NOTA-BEIGE-POUF-SHADOWS2-scaled-e1675169445295-1024x683.jpg\",\"contentUrl\":\"https:\/\/noxnota.com\/wp-content\/uploads\/2023\/01\/NOX-NOTA-BEIGE-POUF-SHADOWS2-scaled-e1675169445295-1024x683.jpg\"},{\"@type\":\"BreadcrumbList\",\"@id\":\"https:\/\/noxnota.com\/fr\/a-propos-de-nous\/#breadcrumb\",\"itemListElement\":[{\"@type\":\"ListItem\",\"position\":1,\"name\":\"Home\",\"item\":\"https:\/\/noxnota.com\/fr\/\"},{\"@type\":\"ListItem\",\"position\":2,\"name\":\"A propos de nous\"}]},{\"@type\":\"WebSite\",\"@id\":\"https:\/\/noxnota.com\/fr\/#website\",\"url\":\"https:\/\/noxnota.com\/fr\/\",\"name\":\"Nox Nota\",\"description\":\"THE FINISHING TOUCH FOR THE PERFECT INTERIOR\",\"publisher\":{\"@id\":\"https:\/\/noxnota.com\/fr\/#organization\"},\"potentialAction\":[{\"@type\":\"SearchAction\",\"target\":{\"@type\":\"EntryPoint\",\"urlTemplate\":\"https:\/\/noxnota.com\/fr\/?s={search_term_string}\"},\"query-input\":\"required name=search_term_string\"}],\"inLanguage\":\"fr-FR\"},{\"@type\":\"Organization\",\"@id\":\"https:\/\/noxnota.com\/fr\/#organization\",\"name\":\"Nox Nota - The Art of Furniture Design\",\"url\":\"https:\/\/noxnota.com\/fr\/\",\"logo\":{\"@type\":\"ImageObject\",\"inLanguage\":\"fr-FR\",\"@id\":\"https:\/\/noxnota.com\/fr\/#\/schema\/logo\/image\/\",\"url\":\"https:\/\/noxnota.com\/wp-content\/uploads\/2022\/05\/nox_nota.png\",\"contentUrl\":\"https:\/\/noxnota.com\/wp-content\/uploads\/2022\/05\/nox_nota.png\",\"width\":500,\"height\":100,\"caption\":\"Nox Nota - The Art of Furniture Design\"},\"image\":{\"@id\":\"https:\/\/noxnota.com\/fr\/#\/schema\/logo\/image\/\"}}]}<\/script>\n<!-- \/ Yoast SEO plugin. -->","yoast_head_json":{"title":"A propos de nous - Nox Nota","robots":{"index":"index","follow":"follow","max-snippet":"max-snippet:-1","max-image-preview":"max-image-preview:large","max-video-preview":"max-video-preview:-1"},"canonical":"https:\/\/noxnota.com\/fr\/a-propos-de-nous\/","og_locale":"fr_FR","og_type":"article","og_title":"A propos de nous - Nox Nota","og_description":"Le flair fonctionnel : L&rsquo;art de la conception de meubles Avec plus de 25 ans d&rsquo;exp\u00e9rience dans l&rsquo;industrie du meuble, nous avons perfectionn\u00e9 notre m\u00e9tier et d\u00e9velopp\u00e9 une compr\u00e9hension profonde de l&rsquo;importance de la fonction, de la forme et de la qualit\u00e9 dans notre travail. Nous avons explor\u00e9 un large \u00e9ventail de styles, de mat\u00e9riaux &hellip;","og_url":"https:\/\/noxnota.com\/fr\/a-propos-de-nous\/","og_site_name":"Nox Nota","article_modified_time":"2024-09-27T09:59:18+00:00","og_image":[{"url":"https:\/\/noxnota.com\/wp-content\/uploads\/2023\/01\/NOX-NOTA-BEIGE-POUF-SHADOWS2-scaled-e1675169445295-1024x683.jpg"}],"twitter_card":"summary_large_image","twitter_misc":{"Dur\u00e9e de lecture estim\u00e9e":"1 minute"},"schema":{"@context":"https:\/\/schema.org","@graph":[{"@type":"WebPage","@id":"https:\/\/noxnota.com\/fr\/a-propos-de-nous\/","url":"https:\/\/noxnota.com\/fr\/a-propos-de-nous\/","name":"A propos de nous - Nox Nota","isPartOf":{"@id":"https:\/\/noxnota.com\/fr\/#website"},"primaryImageOfPage":{"@id":"https:\/\/noxnota.com\/fr\/a-propos-de-nous\/#primaryimage"},"image":{"@id":"https:\/\/noxnota.com\/fr\/a-propos-de-nous\/#primaryimage"},"thumbnailUrl":"https:\/\/noxnota.com\/wp-content\/uploads\/2023\/01\/NOX-NOTA-BEIGE-POUF-SHADOWS2-scaled-e1675169445295-1024x683.jpg","datePublished":"2023-01-31T07:37:59+00:00","dateModified":"2024-09-27T09:59:18+00:00","breadcrumb":{"@id":"https:\/\/noxnota.com\/fr\/a-propos-de-nous\/#breadcrumb"},"inLanguage":"fr-FR","potentialAction":[{"@type":"ReadAction","target":["https:\/\/noxnota.com\/fr\/a-propos-de-nous\/"]}]},{"@type":"ImageObject","inLanguage":"fr-FR","@id":"https:\/\/noxnota.com\/fr\/a-propos-de-nous\/#primaryimage","url":"https:\/\/noxnota.com\/wp-content\/uploads\/2023\/01\/NOX-NOTA-BEIGE-POUF-SHADOWS2-scaled-e1675169445295-1024x683.jpg","contentUrl":"https:\/\/noxnota.com\/wp-content\/uploads\/2023\/01\/NOX-NOTA-BEIGE-POUF-SHADOWS2-scaled-e1675169445295-1024x683.jpg"},{"@type":"BreadcrumbList","@id":"https:\/\/noxnota.com\/fr\/a-propos-de-nous\/#breadcrumb","itemListElement":[{"@type":"ListItem","position":1,"name":"Home","item":"https:\/\/noxnota.com\/fr\/"},{"@type":"ListItem","position":2,"name":"A propos de nous"}]},{"@type":"WebSite","@id":"https:\/\/noxnota.com\/fr\/#website","url":"https:\/\/noxnota.com\/fr\/","name":"Nox Nota","description":"THE FINISHING TOUCH FOR THE PERFECT INTERIOR","publisher":{"@id":"https:\/\/noxnota.com\/fr\/#organization"},"potentialAction":[{"@type":"SearchAction","target":{"@type":"EntryPoint","urlTemplate":"https:\/\/noxnota.com\/fr\/?s={search_term_string}"},"query-input":"required name=search_term_string"}],"inLanguage":"fr-FR"},{"@type":"Organization","@id":"https:\/\/noxnota.com\/fr\/#organization","name":"Nox Nota - The Art of Furniture Design","url":"https:\/\/noxnota.com\/fr\/","logo":{"@type":"ImageObject","inLanguage":"fr-FR","@id":"https:\/\/noxnota.com\/fr\/#\/schema\/logo\/image\/","url":"https:\/\/noxnota.com\/wp-content\/uploads\/2022\/05\/nox_nota.png","contentUrl":"https:\/\/noxnota.com\/wp-content\/uploads\/2022\/05\/nox_nota.png","width":500,"height":100,"caption":"Nox Nota - The Art of Furniture Design"},"image":{"@id":"https:\/\/noxnota.com\/fr\/#\/schema\/logo\/image\/"}}]}},"_links":{"self":[{"href":"https:\/\/noxnota.com\/fr\/wp-json\/wp\/v2\/pages\/5001","targetHints":{"allow":["GET"]}}],"collection":[{"href":"https:\/\/noxnota.com\/fr\/wp-json\/wp\/v2\/pages"}],"about":[{"href":"https:\/\/noxnota.com\/fr\/wp-json\/wp\/v2\/types\/page"}],"author":[{"embeddable":true,"href":"https:\/\/noxnota.com\/fr\/wp-json\/wp\/v2\/users\/2"}],"replies":[{"embeddable":true,"href":"https:\/\/noxnota.com\/fr\/wp-json\/wp\/v2\/comments?post=5001"}],"version-history":[{"count":1,"href":"https:\/\/noxnota.com\/fr\/wp-json\/wp\/v2\/pages\/5001\/revisions"}],"predecessor-version":[{"id":5003,"href":"https:\/\/noxnota.com\/fr\/wp-json\/wp\/v2\/pages\/5001\/revisions\/5003"}],"wp:attachment":[{"href":"https:\/\/noxnota.com\/fr\/wp-json\/wp\/v2\/media?parent=5001"}],"curies":[{"name":"wp","href":"https:\/\/api.w.org\/{rel}","templated":true}]}}