{"id":4618,"date":"2024-09-27T09:51:43","date_gmt":"2024-09-27T09:51:43","guid":{"rendered":"https:\/\/noxnota.com\/chariot\/"},"modified":"2024-09-27T09:56:44","modified_gmt":"2024-09-27T09:56:44","slug":"chariot","status":"publish","type":"page","link":"https:\/\/noxnota.com\/fr\/chariot\/","title":{"rendered":"Chariot"},"content":{"rendered":"<div data-block-name=\"woocommerce\/cart\" class=\"wp-block-woocommerce-cart alignwide is-loading\"><div data-block-name=\"woocommerce\/filled-cart-block\" class=\"wp-block-woocommerce-filled-cart-block\"><div data-block-name=\"woocommerce\/cart-items-block\" class=\"wp-block-woocommerce-cart-items-block\"><div data-block-name=\"woocommerce\/cart-line-items-block\" class=\"wp-block-woocommerce-cart-line-items-block\"><\/div>\n\n<div data-block-name=\"woocommerce\/cart-cross-sells-block\" class=\"wp-block-woocommerce-cart-cross-sells-block\"><h2 class=\"wp-block-heading has-large-font-size\">Vous pourriez \u00eatre int\u00e9ress\u00e9 par&#8230;<\/h2>\n\n<div data-block-name=\"woocommerce\/cart-cross-sells-products-block\" class=\"wp-block-woocommerce-cart-cross-sells-products-block\"><\/div><\/div><\/div>\n\n<div data-block-name=\"woocommerce\/cart-totals-block\" class=\"wp-block-woocommerce-cart-totals-block\"><div data-block-name=\"woocommerce\/cart-order-summary-block\" class=\"wp-block-woocommerce-cart-order-summary-block\"><div data-block-name=\"woocommerce\/cart-order-summary-heading-block\" class=\"wp-block-woocommerce-cart-order-summary-heading-block\"><\/div><div data-block-name=\"woocommerce\/cart-order-summary-coupon-form-block\" class=\"wp-block-woocommerce-cart-order-summary-coupon-form-block\"><\/div><div data-block-name=\"woocommerce\/cart-order-summary-totals-block\" class=\"wp-block-woocommerce-cart-order-summary-totals-block\">\n<div data-block-name=\"woocommerce\/cart-order-summary-subtotal-block\" class=\"wp-block-woocommerce-cart-order-summary-subtotal-block\"><\/div>\n<div data-block-name=\"woocommerce\/cart-order-summary-discount-block\" class=\"wp-block-woocommerce-cart-order-summary-discount-block\"><\/div>\n<div data-block-name=\"woocommerce\/cart-order-summary-fee-block\" class=\"wp-block-woocommerce-cart-order-summary-fee-block\"><\/div>\n<div data-block-name=\"woocommerce\/cart-order-summary-shipping-block\" class=\"wp-block-woocommerce-cart-order-summary-shipping-block\"><\/div>\n<div data-block-name=\"woocommerce\/cart-order-summary-taxes-block\" class=\"wp-block-woocommerce-cart-order-summary-taxes-block\"><\/div><\/div><\/div>\n\n<div data-block-name=\"woocommerce\/cart-express-payment-block\" class=\"wp-block-woocommerce-cart-express-payment-block\"><\/div>\n\n<div data-block-name=\"woocommerce\/proceed-to-checkout-block\" class=\"wp-block-woocommerce-proceed-to-checkout-block\"><\/div>\n\n<div data-block-name=\"woocommerce\/cart-accepted-payment-methods-block\" class=\"wp-block-woocommerce-cart-accepted-payment-methods-block\"><\/div><\/div><\/div>\n\n<div data-block-name=\"woocommerce\/empty-cart-block\" class=\"wp-block-woocommerce-empty-cart-block\"><h2 class=\"wp-block-heading has-text-align-center with-empty-cart-icon wc-block-cart__empty-cart__title\">Votre panier est actuellement vide !<\/h2>\n\n<hr class=\"wp-block-separator has-alpha-channel-opacity is-style-dots\"\/>\n\n<h2 class=\"wp-block-heading has-text-align-center\">Nouveau en magasin<\/h2>\n\n<div data-block-name=\"woocommerce\/product-new\" data-columns=\"4\" data-rows=\"1\" class=\"wc-block-grid wp-block-product-new wc-block-product-new has-4-columns\"><ul class=\"wc-block-grid__products\"><li class=\"wc-block-grid__product\">\n\t\t\t\t<a href=\"https:\/\/noxnota.com\/fr\/product\/enzo-t1\/\" class=\"wc-block-grid__product-link\">\n\t\t\t\t\t\n\t\t\t\t\t<div class=\"wc-block-grid__product-image\"><img fetchpriority=\"high\" decoding=\"async\" width=\"350\" height=\"350\" src=\"https:\/\/noxnota.com\/wp-content\/uploads\/2022\/06\/NOX-NOTA-POUF-BERGAMO-15-OAK-white-1-350x350.png\" class=\"attachment-woocommerce_thumbnail size-woocommerce_thumbnail\" alt=\"ENZO T1\" srcset=\"https:\/\/noxnota.com\/wp-content\/uploads\/2022\/06\/NOX-NOTA-POUF-BERGAMO-15-OAK-white-1-350x350.png 350w, https:\/\/noxnota.com\/wp-content\/uploads\/2022\/06\/NOX-NOTA-POUF-BERGAMO-15-OAK-white-1-300x300.png 300w, https:\/\/noxnota.com\/wp-content\/uploads\/2022\/06\/NOX-NOTA-POUF-BERGAMO-15-OAK-white-1-1024x1024.png 1024w, https:\/\/noxnota.com\/wp-content\/uploads\/2022\/06\/NOX-NOTA-POUF-BERGAMO-15-OAK-white-1-150x150.png 150w, https:\/\/noxnota.com\/wp-content\/uploads\/2022\/06\/NOX-NOTA-POUF-BERGAMO-15-OAK-white-1-768x768.png 768w, https:\/\/noxnota.com\/wp-content\/uploads\/2022\/06\/NOX-NOTA-POUF-BERGAMO-15-OAK-white-1-680x680.png 680w, https:\/\/noxnota.com\/wp-content\/uploads\/2022\/06\/NOX-NOTA-POUF-BERGAMO-15-OAK-white-1-100x100.png 100w, https:\/\/noxnota.com\/wp-content\/uploads\/2022\/06\/NOX-NOTA-POUF-BERGAMO-15-OAK-white-1.png 1400w\" sizes=\"(max-width: 350px) 100vw, 350px\" \/><\/div>\n\t\t\t\t\t<div class=\"wc-block-grid__product-title\">ENZO T1<\/div>\n\t\t\t\t<\/a>\n\t\t\t\t<div class=\"wc-block-grid__product-price price\"><span class=\"woocommerce-Price-amount amount\"><span class=\"woocommerce-Price-currencySymbol\">&euro;<\/span>&nbsp;237.00<\/span><\/div>\n\t\t\t\t\n\t\t\t\t<div class=\"wp-block-button wc-block-grid__product-add-to-cart\"><a href=\"https:\/\/noxnota.com\/fr\/product\/enzo-t1\/\" aria-label=\"S\u00e9lectionner les options pour &ldquo;ENZO T1&rdquo;\" data-quantity=\"1\" data-product_id=\"4920\" data-product_sku=\"73253-58\" data-price=\"237\" rel=\"nofollow\" class=\"wp-block-button__link  add_to_cart_button\">Choix des options<\/a><\/div>\n\t\t\t<\/li><li class=\"wc-block-grid__product\">\n\t\t\t\t<a href=\"https:\/\/noxnota.com\/fr\/product\/enzo-t2\/\" class=\"wc-block-grid__product-link\">\n\t\t\t\t\t\n\t\t\t\t\t<div class=\"wc-block-grid__product-image\"><img decoding=\"async\" width=\"350\" height=\"350\" src=\"https:\/\/noxnota.com\/wp-content\/uploads\/2022\/06\/NOX-NOTA-POUF-WOOLY-COL2-MARINE-2019-OAK-white-1-350x350.png\" class=\"attachment-woocommerce_thumbnail size-woocommerce_thumbnail\" alt=\"ENZO T2\" srcset=\"https:\/\/noxnota.com\/wp-content\/uploads\/2022\/06\/NOX-NOTA-POUF-WOOLY-COL2-MARINE-2019-OAK-white-1-350x350.png 350w, https:\/\/noxnota.com\/wp-content\/uploads\/2022\/06\/NOX-NOTA-POUF-WOOLY-COL2-MARINE-2019-OAK-white-1-300x300.png 300w, https:\/\/noxnota.com\/wp-content\/uploads\/2022\/06\/NOX-NOTA-POUF-WOOLY-COL2-MARINE-2019-OAK-white-1-1024x1024.png 1024w, https:\/\/noxnota.com\/wp-content\/uploads\/2022\/06\/NOX-NOTA-POUF-WOOLY-COL2-MARINE-2019-OAK-white-1-150x150.png 150w, https:\/\/noxnota.com\/wp-content\/uploads\/2022\/06\/NOX-NOTA-POUF-WOOLY-COL2-MARINE-2019-OAK-white-1-768x768.png 768w, https:\/\/noxnota.com\/wp-content\/uploads\/2022\/06\/NOX-NOTA-POUF-WOOLY-COL2-MARINE-2019-OAK-white-1-680x680.png 680w, https:\/\/noxnota.com\/wp-content\/uploads\/2022\/06\/NOX-NOTA-POUF-WOOLY-COL2-MARINE-2019-OAK-white-1-100x100.png 100w, https:\/\/noxnota.com\/wp-content\/uploads\/2022\/06\/NOX-NOTA-POUF-WOOLY-COL2-MARINE-2019-OAK-white-1.png 1400w\" sizes=\"(max-width: 350px) 100vw, 350px\" \/><\/div>\n\t\t\t\t\t<div class=\"wc-block-grid__product-title\">ENZO T2<\/div>\n\t\t\t\t<\/a>\n\t\t\t\t<div class=\"wc-block-grid__product-price price\"><span class=\"woocommerce-Price-amount amount\"><span class=\"woocommerce-Price-currencySymbol\">&euro;<\/span>&nbsp;268.00<\/span><\/div>\n\t\t\t\t\n\t\t\t\t<div class=\"wp-block-button wc-block-grid__product-add-to-cart\"><a href=\"https:\/\/noxnota.com\/fr\/product\/enzo-t2\/\" aria-label=\"S\u00e9lectionner les options pour &ldquo;ENZO T2&rdquo;\" data-quantity=\"1\" data-product_id=\"4934\" data-product_sku=\"73253-57\" data-price=\"268\" rel=\"nofollow\" class=\"wp-block-button__link  add_to_cart_button\">Choix des options<\/a><\/div>\n\t\t\t<\/li><li class=\"wc-block-grid__product\">\n\t\t\t\t<a href=\"https:\/\/noxnota.com\/fr\/product\/enzo-t3\/\" class=\"wc-block-grid__product-link\">\n\t\t\t\t\t\n\t\t\t\t\t<div class=\"wc-block-grid__product-image\"><img decoding=\"async\" width=\"350\" height=\"350\" src=\"https:\/\/noxnota.com\/wp-content\/uploads\/2022\/06\/NOX-NOTA-OXFORD-13-LINEA-641-LOTUS-BLACK-1-350x350.png\" class=\"attachment-woocommerce_thumbnail size-woocommerce_thumbnail\" alt=\"ENZO T3\" srcset=\"https:\/\/noxnota.com\/wp-content\/uploads\/2022\/06\/NOX-NOTA-OXFORD-13-LINEA-641-LOTUS-BLACK-1-350x350.png 350w, https:\/\/noxnota.com\/wp-content\/uploads\/2022\/06\/NOX-NOTA-OXFORD-13-LINEA-641-LOTUS-BLACK-1-300x300.png 300w, https:\/\/noxnota.com\/wp-content\/uploads\/2022\/06\/NOX-NOTA-OXFORD-13-LINEA-641-LOTUS-BLACK-1-1024x1024.png 1024w, https:\/\/noxnota.com\/wp-content\/uploads\/2022\/06\/NOX-NOTA-OXFORD-13-LINEA-641-LOTUS-BLACK-1-150x150.png 150w, https:\/\/noxnota.com\/wp-content\/uploads\/2022\/06\/NOX-NOTA-OXFORD-13-LINEA-641-LOTUS-BLACK-1-768x768.png 768w, https:\/\/noxnota.com\/wp-content\/uploads\/2022\/06\/NOX-NOTA-OXFORD-13-LINEA-641-LOTUS-BLACK-1-680x680.png 680w, https:\/\/noxnota.com\/wp-content\/uploads\/2022\/06\/NOX-NOTA-OXFORD-13-LINEA-641-LOTUS-BLACK-1-100x100.png 100w, https:\/\/noxnota.com\/wp-content\/uploads\/2022\/06\/NOX-NOTA-OXFORD-13-LINEA-641-LOTUS-BLACK-1.png 1400w\" sizes=\"(max-width: 350px) 100vw, 350px\" \/><\/div>\n\t\t\t\t\t<div class=\"wc-block-grid__product-title\">ENZO T3<\/div>\n\t\t\t\t<\/a>\n\t\t\t\t<div class=\"wc-block-grid__product-price price\"><span class=\"woocommerce-Price-amount amount\"><span class=\"woocommerce-Price-currencySymbol\">&euro;<\/span>&nbsp;281.00<\/span><\/div>\n\t\t\t\t\n\t\t\t\t<div class=\"wp-block-button wc-block-grid__product-add-to-cart\"><a href=\"https:\/\/noxnota.com\/fr\/product\/enzo-t3\/\" aria-label=\"S\u00e9lectionner les options pour &ldquo;ENZO T3&rdquo;\" data-quantity=\"1\" data-product_id=\"4961\" data-product_sku=\"73253-56\" data-price=\"281\" rel=\"nofollow\" class=\"wp-block-button__link  add_to_cart_button\">Choix des options<\/a><\/div>\n\t\t\t<\/li><li class=\"wc-block-grid__product\">\n\t\t\t\t<a href=\"https:\/\/noxnota.com\/fr\/product\/enzo-t4\/\" class=\"wc-block-grid__product-link\">\n\t\t\t\t\t\n\t\t\t\t\t<div class=\"wc-block-grid__product-image\"><img loading=\"lazy\" decoding=\"async\" width=\"350\" height=\"350\" src=\"https:\/\/noxnota.com\/wp-content\/uploads\/2015\/08\/NOX-NOTA-POUF-LINEA-656-COTTO-OAK-white-350x350.png\" class=\"attachment-woocommerce_thumbnail size-woocommerce_thumbnail\" alt=\"ENZO T4\" srcset=\"https:\/\/noxnota.com\/wp-content\/uploads\/2015\/08\/NOX-NOTA-POUF-LINEA-656-COTTO-OAK-white-350x350.png 350w, https:\/\/noxnota.com\/wp-content\/uploads\/2015\/08\/NOX-NOTA-POUF-LINEA-656-COTTO-OAK-white-300x300.png 300w, https:\/\/noxnota.com\/wp-content\/uploads\/2015\/08\/NOX-NOTA-POUF-LINEA-656-COTTO-OAK-white-1024x1024.png 1024w, https:\/\/noxnota.com\/wp-content\/uploads\/2015\/08\/NOX-NOTA-POUF-LINEA-656-COTTO-OAK-white-150x150.png 150w, https:\/\/noxnota.com\/wp-content\/uploads\/2015\/08\/NOX-NOTA-POUF-LINEA-656-COTTO-OAK-white-768x768.png 768w, https:\/\/noxnota.com\/wp-content\/uploads\/2015\/08\/NOX-NOTA-POUF-LINEA-656-COTTO-OAK-white-680x680.png 680w, https:\/\/noxnota.com\/wp-content\/uploads\/2015\/08\/NOX-NOTA-POUF-LINEA-656-COTTO-OAK-white-100x100.png 100w, https:\/\/noxnota.com\/wp-content\/uploads\/2015\/08\/NOX-NOTA-POUF-LINEA-656-COTTO-OAK-white.png 1400w\" sizes=\"(max-width: 350px) 100vw, 350px\" \/><\/div>\n\t\t\t\t\t<div class=\"wc-block-grid__product-title\">ENZO T4<\/div>\n\t\t\t\t<\/a>\n\t\t\t\t<div class=\"wc-block-grid__product-price price\"><span class=\"woocommerce-Price-amount amount\"><span class=\"woocommerce-Price-currencySymbol\">&euro;<\/span>&nbsp;505.00<\/span><\/div>\n\t\t\t\t\n\t\t\t\t<div class=\"wp-block-button wc-block-grid__product-add-to-cart\"><a href=\"https:\/\/noxnota.com\/fr\/product\/enzo-t4\/\" aria-label=\"S\u00e9lectionner les options pour &ldquo;ENZO T4&rdquo;\" data-quantity=\"1\" data-product_id=\"4976\" data-product_sku=\"73253-55\" data-price=\"505\" rel=\"nofollow\" class=\"wp-block-button__link  add_to_cart_button\">Choix des options<\/a><\/div>\n\t\t\t<\/li><\/ul><\/div><\/div><\/div>","protected":false},"excerpt":{"rendered":"","protected":false},"author":1,"featured_media":0,"parent":0,"menu_order":0,"comment_status":"closed","ping_status":"closed","template":"","meta":{"iawp_total_views":0,"footnotes":""},"class_list":["post-4618","page","type-page","status-publish","hentry"],"yoast_head":"<!-- This site is optimized with the Yoast SEO plugin v23.1 - https:\/\/yoast.com\/wordpress\/plugins\/seo\/ -->\n<title>Chariot - Nox Nota<\/title>\n<meta name=\"robots\" content=\"index, follow, max-snippet:-1, max-image-preview:large, max-video-preview:-1\" \/>\n<link rel=\"canonical\" href=\"https:\/\/noxnota.com\/fr\/chariot\/\" \/>\n<meta property=\"og:locale\" content=\"fr_FR\" \/>\n<meta property=\"og:type\" content=\"article\" \/>\n<meta property=\"og:title\" content=\"Chariot - Nox Nota\" \/>\n<meta property=\"og:url\" content=\"https:\/\/noxnota.com\/fr\/chariot\/\" \/>\n<meta property=\"og:site_name\" content=\"Nox Nota\" \/>\n<meta property=\"article:modified_time\" content=\"2024-09-27T09:56:44+00:00\" \/>\n<meta name=\"twitter:card\" content=\"summary_large_image\" \/>\n<script type=\"application\/ld+json\" class=\"yoast-schema-graph\">{\"@context\":\"https:\/\/schema.org\",\"@graph\":[{\"@type\":\"WebPage\",\"@id\":\"https:\/\/noxnota.com\/fr\/chariot\/\",\"url\":\"https:\/\/noxnota.com\/fr\/chariot\/\",\"name\":\"Chariot - Nox Nota\",\"isPartOf\":{\"@id\":\"https:\/\/noxnota.com\/fr\/#website\"},\"datePublished\":\"2024-09-27T09:51:43+00:00\",\"dateModified\":\"2024-09-27T09:56:44+00:00\",\"breadcrumb\":{\"@id\":\"https:\/\/noxnota.com\/fr\/chariot\/#breadcrumb\"},\"inLanguage\":\"fr-FR\",\"potentialAction\":[{\"@type\":\"ReadAction\",\"target\":[\"https:\/\/noxnota.com\/fr\/chariot\/\"]}]},{\"@type\":\"BreadcrumbList\",\"@id\":\"https:\/\/noxnota.com\/fr\/chariot\/#breadcrumb\",\"itemListElement\":[{\"@type\":\"ListItem\",\"position\":1,\"name\":\"Home\",\"item\":\"https:\/\/noxnota.com\/fr\/\"},{\"@type\":\"ListItem\",\"position\":2,\"name\":\"Chariot\"}]},{\"@type\":\"WebSite\",\"@id\":\"https:\/\/noxnota.com\/fr\/#website\",\"url\":\"https:\/\/noxnota.com\/fr\/\",\"name\":\"Nox Nota\",\"description\":\"THE FINISHING TOUCH FOR THE PERFECT INTERIOR\",\"publisher\":{\"@id\":\"https:\/\/noxnota.com\/fr\/#organization\"},\"potentialAction\":[{\"@type\":\"SearchAction\",\"target\":{\"@type\":\"EntryPoint\",\"urlTemplate\":\"https:\/\/noxnota.com\/fr\/?s={search_term_string}\"},\"query-input\":\"required name=search_term_string\"}],\"inLanguage\":\"fr-FR\"},{\"@type\":\"Organization\",\"@id\":\"https:\/\/noxnota.com\/fr\/#organization\",\"name\":\"Nox Nota - The Art of Furniture Design\",\"url\":\"https:\/\/noxnota.com\/fr\/\",\"logo\":{\"@type\":\"ImageObject\",\"inLanguage\":\"fr-FR\",\"@id\":\"https:\/\/noxnota.com\/fr\/#\/schema\/logo\/image\/\",\"url\":\"https:\/\/noxnota.com\/wp-content\/uploads\/2022\/05\/nox_nota.png\",\"contentUrl\":\"https:\/\/noxnota.com\/wp-content\/uploads\/2022\/05\/nox_nota.png\",\"width\":500,\"height\":100,\"caption\":\"Nox Nota - The Art of Furniture Design\"},\"image\":{\"@id\":\"https:\/\/noxnota.com\/fr\/#\/schema\/logo\/image\/\"}}]}<\/script>\n<!-- \/ Yoast SEO plugin. -->","yoast_head_json":{"title":"Chariot - Nox Nota","robots":{"index":"index","follow":"follow","max-snippet":"max-snippet:-1","max-image-preview":"max-image-preview:large","max-video-preview":"max-video-preview:-1"},"canonical":"https:\/\/noxnota.com\/fr\/chariot\/","og_locale":"fr_FR","og_type":"article","og_title":"Chariot - Nox Nota","og_url":"https:\/\/noxnota.com\/fr\/chariot\/","og_site_name":"Nox Nota","article_modified_time":"2024-09-27T09:56:44+00:00","twitter_card":"summary_large_image","schema":{"@context":"https:\/\/schema.org","@graph":[{"@type":"WebPage","@id":"https:\/\/noxnota.com\/fr\/chariot\/","url":"https:\/\/noxnota.com\/fr\/chariot\/","name":"Chariot - Nox Nota","isPartOf":{"@id":"https:\/\/noxnota.com\/fr\/#website"},"datePublished":"2024-09-27T09:51:43+00:00","dateModified":"2024-09-27T09:56:44+00:00","breadcrumb":{"@id":"https:\/\/noxnota.com\/fr\/chariot\/#breadcrumb"},"inLanguage":"fr-FR","potentialAction":[{"@type":"ReadAction","target":["https:\/\/noxnota.com\/fr\/chariot\/"]}]},{"@type":"BreadcrumbList","@id":"https:\/\/noxnota.com\/fr\/chariot\/#breadcrumb","itemListElement":[{"@type":"ListItem","position":1,"name":"Home","item":"https:\/\/noxnota.com\/fr\/"},{"@type":"ListItem","position":2,"name":"Chariot"}]},{"@type":"WebSite","@id":"https:\/\/noxnota.com\/fr\/#website","url":"https:\/\/noxnota.com\/fr\/","name":"Nox Nota","description":"THE FINISHING TOUCH FOR THE PERFECT INTERIOR","publisher":{"@id":"https:\/\/noxnota.com\/fr\/#organization"},"potentialAction":[{"@type":"SearchAction","target":{"@type":"EntryPoint","urlTemplate":"https:\/\/noxnota.com\/fr\/?s={search_term_string}"},"query-input":"required name=search_term_string"}],"inLanguage":"fr-FR"},{"@type":"Organization","@id":"https:\/\/noxnota.com\/fr\/#organization","name":"Nox Nota - The Art of Furniture Design","url":"https:\/\/noxnota.com\/fr\/","logo":{"@type":"ImageObject","inLanguage":"fr-FR","@id":"https:\/\/noxnota.com\/fr\/#\/schema\/logo\/image\/","url":"https:\/\/noxnota.com\/wp-content\/uploads\/2022\/05\/nox_nota.png","contentUrl":"https:\/\/noxnota.com\/wp-content\/uploads\/2022\/05\/nox_nota.png","width":500,"height":100,"caption":"Nox Nota - The Art of Furniture Design"},"image":{"@id":"https:\/\/noxnota.com\/fr\/#\/schema\/logo\/image\/"}}]}},"_links":{"self":[{"href":"https:\/\/noxnota.com\/fr\/wp-json\/wp\/v2\/pages\/4618","targetHints":{"allow":["GET"]}}],"collection":[{"href":"https:\/\/noxnota.com\/fr\/wp-json\/wp\/v2\/pages"}],"about":[{"href":"https:\/\/noxnota.com\/fr\/wp-json\/wp\/v2\/types\/page"}],"author":[{"embeddable":true,"href":"https:\/\/noxnota.com\/fr\/wp-json\/wp\/v2\/users\/1"}],"replies":[{"embeddable":true,"href":"https:\/\/noxnota.com\/fr\/wp-json\/wp\/v2\/comments?post=4618"}],"version-history":[{"count":3,"href":"https:\/\/noxnota.com\/fr\/wp-json\/wp\/v2\/pages\/4618\/revisions"}],"predecessor-version":[{"id":4960,"href":"https:\/\/noxnota.com\/fr\/wp-json\/wp\/v2\/pages\/4618\/revisions\/4960"}],"wp:attachment":[{"href":"https:\/\/noxnota.com\/fr\/wp-json\/wp\/v2\/media?parent=4618"}],"curies":[{"name":"wp","href":"https:\/\/api.w.org\/{rel}","templated":true}]}}